{"id":43049,"date":"2025-06-18T11:02:26","date_gmt":"2025-06-18T11:02:26","guid":{"rendered":"https:\/\/zl.jewelry\/product\/pin-predator\/"},"modified":"2026-01-26T16:20:09","modified_gmt":"2026-01-26T16:20:09","slug":"pin-predator","status":"publish","type":"product","link":"https:\/\/zl.jewelry\/pl\/product\/pin-predator\/","title":{"rendered":"Szpilka &#8222;Drapie\u017cnik&#8221;"},"content":{"rendered":"<p>Szpilka z czerwonego z\u0142ota o wadze 5,38 grama. Wysoko\u015b\u0107 podstawy szpilki wynosi do 3 cm bez samego zapi\u0119cia. Prz\u00f3d bi\u017cuterii pokryty jest emali\u0105 w r\u00f3\u017cnych kolorach tworz\u0105c wsp\u00f3ln\u0105 kompozycj\u0119.<\/p>\n<p>&nbsp;<\/p>\n","protected":false},"excerpt":{"rendered":"<p>Szpilka z czerwonego z\u0142ota o wadze 5,38 grama. Wysoko\u015b\u0107 podstawy szpilki wynosi do 3 cm bez samego zapi\u0119cia. Prz\u00f3d bi\u017cuterii pokryty jest emali\u0105 w r\u00f3\u017cnych kolorach tworz\u0105c wsp\u00f3ln\u0105 kompozycj\u0119. &nbsp;<\/p>\n","protected":false},"featured_media":42628,"template":"","meta":{"_acf_changed":false},"product_brand":[],"product_cat":[576],"product_tag":[],"class_list":{"0":"post-43049","1":"product","2":"type-product","3":"status-publish","4":"has-post-thumbnail","6":"product_cat-other-pl","8":"first","9":"instock","10":"product-type-simple"},"acf":[],"_links":{"self":[{"href":"https:\/\/zl.jewelry\/pl\/wp-json\/wp\/v2\/product\/43049","targetHints":{"allow":["GET"]}}],"collection":[{"href":"https:\/\/zl.jewelry\/pl\/wp-json\/wp\/v2\/product"}],"about":[{"href":"https:\/\/zl.jewelry\/pl\/wp-json\/wp\/v2\/types\/product"}],"wp:featuredmedia":[{"embeddable":true,"href":"https:\/\/zl.jewelry\/pl\/wp-json\/wp\/v2\/media\/42628"}],"wp:attachment":[{"href":"https:\/\/zl.jewelry\/pl\/wp-json\/wp\/v2\/media?parent=43049"}],"wp:term":[{"taxonomy":"product_brand","embeddable":true,"href":"https:\/\/zl.jewelry\/pl\/wp-json\/wp\/v2\/product_brand?post=43049"},{"taxonomy":"product_cat","embeddable":true,"href":"https:\/\/zl.jewelry\/pl\/wp-json\/wp\/v2\/product_cat?post=43049"},{"taxonomy":"product_tag","embeddable":true,"href":"https:\/\/zl.jewelry\/pl\/wp-json\/wp\/v2\/product_tag?post=43049"}],"curies":[{"name":"wp","href":"https:\/\/api.w.org\/{rel}","templated":true}]}}