{"id":43048,"date":"2025-06-18T11:02:31","date_gmt":"2025-06-18T11:02:31","guid":{"rendered":"https:\/\/zl.jewelry\/product\/bracelet-with-moving-parts\/"},"modified":"2026-01-26T16:12:45","modified_gmt":"2026-01-26T16:12:45","slug":"bracelet-with-moving-parts","status":"publish","type":"product","link":"https:\/\/zl.jewelry\/pl\/product\/bracelet-with-moving-parts\/","title":{"rendered":"Bransoletka z ruchomymi elementami"},"content":{"rendered":"<p>Bransoletka z czerwonego z\u0142ota pr\u00f3by 585*. D\u0142ugo\u015b\u0107 bransoletki wynosi 20 cm, a waga z\u0142ota 95,6 grama. Centralny element ma 40 mm d\u0142ugo\u015bci i zawiera trzy plchome kwadraty z bia\u0142ego z\u0142ota, kt\u00f3re przedstawiaj\u0105 wszechwidz\u0105ce oko, znak zodiaku &#8211; lwa i podkow\u0119. Przeplataj\u0105ce si\u0119 kwadratowe wstawki maj\u0105 po 10 mm ka\u017cda, jedna ma drzewo \u017cycia, a dplga znak niesko\u0144czono\u015bci. Wstawki nie s\u0105 wypuk\u0142e, g\u0142adkie. Wszystkie wstawki s\u0105 czernione. Bransoletka na sk\u00f3rze, \u015brednica sk\u00f3ry 7mm.<\/p>\n","protected":false},"excerpt":{"rendered":"<p>Bransoletka z czerwonego z\u0142ota pr\u00f3by 585*. D\u0142ugo\u015b\u0107 bransoletki wynosi 20 cm, a waga z\u0142ota 95,6 grama. Centralny element ma 40 mm d\u0142ugo\u015bci i zawiera trzy plchome kwadraty z bia\u0142ego z\u0142ota, kt\u00f3re przedstawiaj\u0105 wszechwidz\u0105ce oko, znak zodiaku &#8211; lwa i podkow\u0119. Przeplataj\u0105ce si\u0119 kwadratowe wstawki maj\u0105 po 10 mm ka\u017cda, jedna ma drzewo \u017cycia, a dplga&#8230;<\/p>\n","protected":false},"featured_media":42626,"template":"","meta":{"_acf_changed":false},"product_brand":[],"product_cat":[557,561],"product_tag":[],"class_list":{"0":"post-43048","1":"product","2":"type-product","3":"status-publish","4":"has-post-thumbnail","6":"product_cat-bracelets-pl","7":"product_cat-leather-bracelets-with-gold-inserts-pl","9":"first","10":"instock","11":"product-type-simple"},"acf":[],"_links":{"self":[{"href":"https:\/\/zl.jewelry\/pl\/wp-json\/wp\/v2\/product\/43048","targetHints":{"allow":["GET"]}}],"collection":[{"href":"https:\/\/zl.jewelry\/pl\/wp-json\/wp\/v2\/product"}],"about":[{"href":"https:\/\/zl.jewelry\/pl\/wp-json\/wp\/v2\/types\/product"}],"wp:featuredmedia":[{"embeddable":true,"href":"https:\/\/zl.jewelry\/pl\/wp-json\/wp\/v2\/media\/42626"}],"wp:attachment":[{"href":"https:\/\/zl.jewelry\/pl\/wp-json\/wp\/v2\/media?parent=43048"}],"wp:term":[{"taxonomy":"product_brand","embeddable":true,"href":"https:\/\/zl.jewelry\/pl\/wp-json\/wp\/v2\/product_brand?post=43048"},{"taxonomy":"product_cat","embeddable":true,"href":"https:\/\/zl.jewelry\/pl\/wp-json\/wp\/v2\/product_cat?post=43048"},{"taxonomy":"product_tag","embeddable":true,"href":"https:\/\/zl.jewelry\/pl\/wp-json\/wp\/v2\/product_tag?post=43048"}],"curies":[{"name":"wp","href":"https:\/\/api.w.org\/{rel}","templated":true}]}}