{"id":43040,"date":"2025-06-18T11:02:31","date_gmt":"2025-06-18T11:02:31","guid":{"rendered":"https:\/\/zl.jewelry\/product\/engagement-ring-love-angel\/"},"modified":"2026-01-26T15:12:33","modified_gmt":"2026-01-26T15:12:33","slug":"engagement-ring-love-angel","status":"publish","type":"product","link":"https:\/\/zl.jewelry\/pl\/product\/engagement-ring-love-angel\/","title":{"rendered":"Pier\u015bcionek zar\u0119czynowy &#8222;Angel&#8217;s Love&#8221;"},"content":{"rendered":"<section class=\"l-section wpb_row height_small\"><div class=\"l-section-h i-cf\"><div class=\"g-cols vc_row via_flex valign_top type_default stacking_default\"><div class=\"vc_col-sm-12 wpb_column vc_column_container\"><div class=\"vc_column-inner\"><div class=\"wpb_wrapper\"><div class=\"wpb_text_column\"><div class=\"wpb_wrapper\"><p>Pier\u015bcionek jest w kolorze czerwonego z\u0142ota. Przy rozmiarze 14,5 waga pier\u015bcionka wynosi 2,89 grama. Wstawione kamienie, \u015brednica \u015brodkowego 8,00 mm, boczne kamienie maj\u0105 oko\u0142o 2,00 mm. Kamienie mog\u0105 by\u0107 ustawione w dowolny spos\u00f3b.<\/p>\n<\/div><\/div><\/div><\/div><\/div><\/div><\/div><\/section>\n","protected":false},"excerpt":{"rendered":"Pier\u015bcionek jest w kolorze czerwonego z\u0142ota. Przy rozmiarze 14,5 waga pier\u015bcionka wynosi 2,89 grama. Wstawione kamienie, \u015brednica \u015brodkowego 8,00 mm, boczne kamienie maj\u0105 oko\u0142o 2,00 mm. Kamienie mog\u0105 by\u0107 ustawione w dowolny spos\u00f3b.","protected":false},"featured_media":42607,"template":"","meta":{"_acf_changed":false},"product_brand":[],"product_cat":[523,524,526],"product_tag":[],"class_list":{"0":"post-43040","1":"product","2":"type-product","3":"status-publish","4":"has-post-thumbnail","6":"product_cat-engagement-rings-pl","7":"product_cat-engagement-rings-with-diamonds-pl","8":"product_cat-red-gold-engagement-rings-pl","10":"first","11":"instock","12":"product-type-simple"},"acf":[],"_links":{"self":[{"href":"https:\/\/zl.jewelry\/pl\/wp-json\/wp\/v2\/product\/43040","targetHints":{"allow":["GET"]}}],"collection":[{"href":"https:\/\/zl.jewelry\/pl\/wp-json\/wp\/v2\/product"}],"about":[{"href":"https:\/\/zl.jewelry\/pl\/wp-json\/wp\/v2\/types\/product"}],"wp:featuredmedia":[{"embeddable":true,"href":"https:\/\/zl.jewelry\/pl\/wp-json\/wp\/v2\/media\/42607"}],"wp:attachment":[{"href":"https:\/\/zl.jewelry\/pl\/wp-json\/wp\/v2\/media?parent=43040"}],"wp:term":[{"taxonomy":"product_brand","embeddable":true,"href":"https:\/\/zl.jewelry\/pl\/wp-json\/wp\/v2\/product_brand?post=43040"},{"taxonomy":"product_cat","embeddable":true,"href":"https:\/\/zl.jewelry\/pl\/wp-json\/wp\/v2\/product_cat?post=43040"},{"taxonomy":"product_tag","embeddable":true,"href":"https:\/\/zl.jewelry\/pl\/wp-json\/wp\/v2\/product_tag?post=43040"}],"curies":[{"name":"wp","href":"https:\/\/api.w.org\/{rel}","templated":true}]}}