{"id":43038,"date":"2025-06-18T11:02:31","date_gmt":"2025-06-18T11:02:31","guid":{"rendered":"https:\/\/zl.jewelry\/product\/engagement-ring-gentle-faces\/"},"modified":"2026-01-26T14:55:23","modified_gmt":"2026-01-26T14:55:23","slug":"engagement-ring-gentle-faces","status":"publish","type":"product","link":"https:\/\/zl.jewelry\/pl\/product\/engagement-ring-gentle-faces\/","title":{"rendered":"Pier\u015bcionek zar\u0119czynowy &#8222;Delikatne fasety&#8221;"},"content":{"rendered":"<p>Pier\u015bcionek zar\u0119czynowy z rodowanego bia\u0142ego z\u0142ota. Waga mo\u017ce si\u0119 r\u00f3\u017cni\u0107 w zale\u017cno\u015bci od rozmiapl, przy rozmiarze 17,5 waga pier\u015bcionka wynosi 1,60 grama. Szeroko\u015b\u0107 pier\u015bcionka 1.5mm, gplbo\u015b\u0107 1.1mm. Wstawki kamieni, \u015brednica 1.00mm (3szt). Kamienie mog\u0105 by\u0107 ustawione dowolnie na \u017cyczenie klienta.<\/p>\n","protected":false},"excerpt":{"rendered":"<p>Pier\u015bcionek zar\u0119czynowy z rodowanego bia\u0142ego z\u0142ota. Waga mo\u017ce si\u0119 r\u00f3\u017cni\u0107 w zale\u017cno\u015bci od rozmiapl, przy rozmiarze 17,5 waga pier\u015bcionka wynosi 1,60 grama. Szeroko\u015b\u0107 pier\u015bcionka 1.5mm, gplbo\u015b\u0107 1.1mm. Wstawki kamieni, \u015brednica 1.00mm (3szt). Kamienie mog\u0105 by\u0107 ustawione dowolnie na \u017cyczenie klienta.<\/p>\n","protected":false},"featured_media":42600,"template":"","meta":{"_acf_changed":false},"product_brand":[],"product_cat":[523,524,527],"product_tag":[],"class_list":{"0":"post-43038","1":"product","2":"type-product","3":"status-publish","4":"has-post-thumbnail","6":"product_cat-engagement-rings-pl","7":"product_cat-engagement-rings-with-diamonds-pl","8":"product_cat-white-gold-engagement-rings-pl","10":"first","11":"instock","12":"product-type-simple"},"acf":[],"_links":{"self":[{"href":"https:\/\/zl.jewelry\/pl\/wp-json\/wp\/v2\/product\/43038","targetHints":{"allow":["GET"]}}],"collection":[{"href":"https:\/\/zl.jewelry\/pl\/wp-json\/wp\/v2\/product"}],"about":[{"href":"https:\/\/zl.jewelry\/pl\/wp-json\/wp\/v2\/types\/product"}],"wp:featuredmedia":[{"embeddable":true,"href":"https:\/\/zl.jewelry\/pl\/wp-json\/wp\/v2\/media\/42600"}],"wp:attachment":[{"href":"https:\/\/zl.jewelry\/pl\/wp-json\/wp\/v2\/media?parent=43038"}],"wp:term":[{"taxonomy":"product_brand","embeddable":true,"href":"https:\/\/zl.jewelry\/pl\/wp-json\/wp\/v2\/product_brand?post=43038"},{"taxonomy":"product_cat","embeddable":true,"href":"https:\/\/zl.jewelry\/pl\/wp-json\/wp\/v2\/product_cat?post=43038"},{"taxonomy":"product_tag","embeddable":true,"href":"https:\/\/zl.jewelry\/pl\/wp-json\/wp\/v2\/product_tag?post=43038"}],"curies":[{"name":"wp","href":"https:\/\/api.w.org\/{rel}","templated":true}]}}