{"id":43035,"date":"2025-06-18T11:02:31","date_gmt":"2025-06-18T11:02:31","guid":{"rendered":"https:\/\/zl.jewelry\/product\/wedding-rings-autumn-melody-with-red-enamel\/"},"modified":"2026-01-26T14:37:07","modified_gmt":"2026-01-26T14:37:07","slug":"wedding-rings-autumn-melody-with-red-enamel","status":"publish","type":"product","link":"https:\/\/zl.jewelry\/pl\/product\/wedding-rings-autumn-melody-with-red-enamel\/","title":{"rendered":"Obr\u0105czki \u015blubne &#8222;Jesienna melodia&#8221; z czerwon\u0105 emali\u0105"},"content":{"rendered":"","protected":false},"excerpt":{"rendered":"","protected":false},"featured_media":42591,"template":"","meta":{"_acf_changed":false},"product_brand":[],"product_cat":[528,533,537,535],"product_tag":[],"class_list":{"0":"post-43035","1":"product","2":"type-product","3":"status-publish","4":"has-post-thumbnail","6":"product_cat-wedding-rings-pl","7":"product_cat-red-gold-wedding-rings-pl","8":"product_cat-with-rocks-4-pl","9":"product_cat-wedding-rings-with-diamonds-pl","11":"first","12":"instock","13":"product-type-simple"},"acf":[],"_links":{"self":[{"href":"https:\/\/zl.jewelry\/pl\/wp-json\/wp\/v2\/product\/43035","targetHints":{"allow":["GET"]}}],"collection":[{"href":"https:\/\/zl.jewelry\/pl\/wp-json\/wp\/v2\/product"}],"about":[{"href":"https:\/\/zl.jewelry\/pl\/wp-json\/wp\/v2\/types\/product"}],"wp:featuredmedia":[{"embeddable":true,"href":"https:\/\/zl.jewelry\/pl\/wp-json\/wp\/v2\/media\/42591"}],"wp:attachment":[{"href":"https:\/\/zl.jewelry\/pl\/wp-json\/wp\/v2\/media?parent=43035"}],"wp:term":[{"taxonomy":"product_brand","embeddable":true,"href":"https:\/\/zl.jewelry\/pl\/wp-json\/wp\/v2\/product_brand?post=43035"},{"taxonomy":"product_cat","embeddable":true,"href":"https:\/\/zl.jewelry\/pl\/wp-json\/wp\/v2\/product_cat?post=43035"},{"taxonomy":"product_tag","embeddable":true,"href":"https:\/\/zl.jewelry\/pl\/wp-json\/wp\/v2\/product_tag?post=43035"}],"curies":[{"name":"wp","href":"https:\/\/api.w.org\/{rel}","templated":true}]}}