{"id":43026,"date":"2025-06-18T11:02:37","date_gmt":"2025-06-18T11:02:37","guid":{"rendered":"https:\/\/zl.jewelry\/product\/cross-with-white-gold-overlay-without-crucifix\/"},"modified":"2026-01-26T13:19:18","modified_gmt":"2026-01-26T13:19:18","slug":"cross-with-white-gold-overlay-without-crucifix","status":"publish","type":"product","link":"https:\/\/zl.jewelry\/pl\/product\/cross-with-white-gold-overlay-without-crucifix\/","title":{"rendered":"Krzy\u017c z nak\u0142adk\u0105 z bia\u0142ego z\u0142ota bez Ukrzy\u017cowania"},"content":{"rendered":"<div><\/div>\n<p>&nbsp;<\/p>\n","protected":false},"excerpt":{"rendered":"<p>&nbsp;<\/p>\n","protected":false},"featured_media":36019,"template":"","meta":{"_acf_changed":false},"product_brand":[],"product_cat":[504,506,507,510,512],"product_tag":[],"class_list":{"0":"post-43026","1":"product","2":"type-product","3":"status-publish","4":"has-post-thumbnail","6":"product_cat-golden-crosses-pl","7":"product_cat-crosses-with-stones-pl","8":"product_cat-exclusive-golden-handmade-crosses-pl","9":"product_cat-mens-crosses-pl","10":"product_cat-with-diamonds-pl","12":"first","13":"instock","14":"product-type-simple"},"acf":[],"_links":{"self":[{"href":"https:\/\/zl.jewelry\/pl\/wp-json\/wp\/v2\/product\/43026","targetHints":{"allow":["GET"]}}],"collection":[{"href":"https:\/\/zl.jewelry\/pl\/wp-json\/wp\/v2\/product"}],"about":[{"href":"https:\/\/zl.jewelry\/pl\/wp-json\/wp\/v2\/types\/product"}],"wp:featuredmedia":[{"embeddable":true,"href":"https:\/\/zl.jewelry\/pl\/wp-json\/wp\/v2\/media\/36019"}],"wp:attachment":[{"href":"https:\/\/zl.jewelry\/pl\/wp-json\/wp\/v2\/media?parent=43026"}],"wp:term":[{"taxonomy":"product_brand","embeddable":true,"href":"https:\/\/zl.jewelry\/pl\/wp-json\/wp\/v2\/product_brand?post=43026"},{"taxonomy":"product_cat","embeddable":true,"href":"https:\/\/zl.jewelry\/pl\/wp-json\/wp\/v2\/product_cat?post=43026"},{"taxonomy":"product_tag","embeddable":true,"href":"https:\/\/zl.jewelry\/pl\/wp-json\/wp\/v2\/product_tag?post=43026"}],"curies":[{"name":"wp","href":"https:\/\/api.w.org\/{rel}","templated":true}]}}