{"id":43019,"date":"2025-06-18T11:02:37","date_gmt":"2025-06-18T11:02:37","guid":{"rendered":"https:\/\/zl.jewelry\/product\/cross-crucifixion-strict\/"},"modified":"2026-01-26T12:33:28","modified_gmt":"2026-01-26T12:33:28","slug":"cross-crucifixion-strict","status":"publish","type":"product","link":"https:\/\/zl.jewelry\/pl\/product\/cross-crucifixion-strict\/","title":{"rendered":"\u015acis\u0142y krzy\u017c &#8222;Ukrzy\u017cowaniem&#8221;"},"content":{"rendered":"<p>Krzy\u017cyk w kombinacji czerwonego i bia\u0142ego z\u0142ota, o rozmiarze 31 mm bez wyst\u0119pu, o wadze 3,25 grama. Waga zale\u017cy od rozmiapl bi\u017cuterii. Na przedniej stronie podstawy na konturze wzory, w \u015brodku nak\u0142adka z bia\u0142ego z\u0142ota, kt\u00f3ra jest pokryta rodem, na g\u00f3rze jej ukrzy\u017cowanie z czerwonego z\u0142ota, na tylnej stronie napis &#8222;Save and Preserve, pokryty czarn\u0105 emali\u0105.na uchwycie na przedniej stronie przedstawia przez krzy\u017c Przet\u0142umaczono z www.DeepL.com\/Translator (wersja darmowa).<\/p>\n<p>_x000D_<\/p>\n","protected":false},"excerpt":{"rendered":"<p>Krzy\u017cyk w kombinacji czerwonego i bia\u0142ego z\u0142ota, o rozmiarze 31 mm bez wyst\u0119pu, o wadze 3,25 grama. Waga zale\u017cy od rozmiapl bi\u017cuterii. Na przedniej stronie podstawy na konturze wzory, w \u015brodku nak\u0142adka z bia\u0142ego z\u0142ota, kt\u00f3ra jest pokryta rodem, na g\u00f3rze jej ukrzy\u017cowanie z czerwonego z\u0142ota, na tylnej stronie napis &#8222;Save and Preserve, pokryty czarn\u0105&#8230;<\/p>\n","protected":false},"featured_media":35914,"template":"","meta":{"_acf_changed":false},"product_brand":[],"product_cat":[504,510,513],"product_tag":[],"class_list":{"0":"post-43019","1":"product","2":"type-product","3":"status-publish","4":"has-post-thumbnail","6":"product_cat-golden-crosses-pl","7":"product_cat-mens-crosses-pl","8":"product_cat-womens-crosses-pl","10":"first","11":"instock","12":"product-type-simple"},"acf":[],"_links":{"self":[{"href":"https:\/\/zl.jewelry\/pl\/wp-json\/wp\/v2\/product\/43019","targetHints":{"allow":["GET"]}}],"collection":[{"href":"https:\/\/zl.jewelry\/pl\/wp-json\/wp\/v2\/product"}],"about":[{"href":"https:\/\/zl.jewelry\/pl\/wp-json\/wp\/v2\/types\/product"}],"wp:featuredmedia":[{"embeddable":true,"href":"https:\/\/zl.jewelry\/pl\/wp-json\/wp\/v2\/media\/35914"}],"wp:attachment":[{"href":"https:\/\/zl.jewelry\/pl\/wp-json\/wp\/v2\/media?parent=43019"}],"wp:term":[{"taxonomy":"product_brand","embeddable":true,"href":"https:\/\/zl.jewelry\/pl\/wp-json\/wp\/v2\/product_brand?post=43019"},{"taxonomy":"product_cat","embeddable":true,"href":"https:\/\/zl.jewelry\/pl\/wp-json\/wp\/v2\/product_cat?post=43019"},{"taxonomy":"product_tag","embeddable":true,"href":"https:\/\/zl.jewelry\/pl\/wp-json\/wp\/v2\/product_tag?post=43019"}],"curies":[{"name":"wp","href":"https:\/\/api.w.org\/{rel}","templated":true}]}}