{"id":43014,"date":"2025-06-18T11:02:37","date_gmt":"2025-06-18T11:02:37","guid":{"rendered":"https:\/\/zl.jewelry\/product\/rope-black-4\/"},"modified":"2026-01-26T12:08:39","modified_gmt":"2026-01-26T12:08:39","slug":"rope-black-4","status":"publish","type":"product","link":"https:\/\/zl.jewelry\/pl\/product\/rope-black-4\/","title":{"rendered":"Czarny sznur"},"content":{"rendered":"<section class=\"l-section wpb_row height_small\"><div class=\"l-section-h i-cf\"><div class=\"g-cols vc_row via_flex valign_top type_default stacking_default\"><div class=\"vc_col-sm-12 wpb_column vc_column_container\"><div class=\"vc_column-inner\"><div class=\"wpb_wrapper\"><div class=\"wpb_text_column\"><div class=\"wpb_wrapper\"><p>\u0422Gplbo\u015b\u0107, d\u0142ugo\u015b\u0107 i kolor liny mo\u017cna wybra\u0107 indywidualnie, podobnie jak kolor metalu i liczb\u0119 wk\u0142adek.<\/p>\n<\/div><\/div><\/div><\/div><\/div><\/div><\/div><\/section>\n","protected":false},"excerpt":{"rendered":"\u0422Gplbo\u015b\u0107, d\u0142ugo\u015b\u0107 i kolor liny mo\u017cna wybra\u0107 indywidualnie, podobnie jak kolor metalu i liczb\u0119 wk\u0142adek.","protected":false},"featured_media":42535,"template":"","meta":{"_acf_changed":false},"product_brand":[],"product_cat":[496,497,499],"product_tag":[],"class_list":{"0":"post-43014","1":"product","2":"type-product","3":"status-publish","4":"has-post-thumbnail","6":"product_cat-jewelry-laces-pl","7":"product_cat-childrens-womens-pl","8":"product_cat-nylon-mens-pl","10":"first","11":"instock","12":"product-type-simple"},"acf":[],"_links":{"self":[{"href":"https:\/\/zl.jewelry\/pl\/wp-json\/wp\/v2\/product\/43014","targetHints":{"allow":["GET"]}}],"collection":[{"href":"https:\/\/zl.jewelry\/pl\/wp-json\/wp\/v2\/product"}],"about":[{"href":"https:\/\/zl.jewelry\/pl\/wp-json\/wp\/v2\/types\/product"}],"wp:featuredmedia":[{"embeddable":true,"href":"https:\/\/zl.jewelry\/pl\/wp-json\/wp\/v2\/media\/42535"}],"wp:attachment":[{"href":"https:\/\/zl.jewelry\/pl\/wp-json\/wp\/v2\/media?parent=43014"}],"wp:term":[{"taxonomy":"product_brand","embeddable":true,"href":"https:\/\/zl.jewelry\/pl\/wp-json\/wp\/v2\/product_brand?post=43014"},{"taxonomy":"product_cat","embeddable":true,"href":"https:\/\/zl.jewelry\/pl\/wp-json\/wp\/v2\/product_cat?post=43014"},{"taxonomy":"product_tag","embeddable":true,"href":"https:\/\/zl.jewelry\/pl\/wp-json\/wp\/v2\/product_tag?post=43014"}],"curies":[{"name":"wp","href":"https:\/\/api.w.org\/{rel}","templated":true}]}}