{"id":43012,"date":"2025-06-18T11:02:37","date_gmt":"2025-06-18T11:02:37","guid":{"rendered":"https:\/\/zl.jewelry\/product\/wedding-rings-elephants\/"},"modified":"2025-09-26T18:33:10","modified_gmt":"2025-09-26T18:33:10","slug":"wedding-rings-elephants","status":"publish","type":"product","link":"https:\/\/zl.jewelry\/pl\/product\/wedding-rings-elephants\/","title":{"rendered":"Obr\u0105czki \u015blubne &#8222;S\u0142onie&#8221;"},"content":{"rendered":"<p><span style=\"background-color:rgb(255, 255, 255); color:rgb(29, 33, 41); font-family:segoe ui historic,segoe ui,helvetica,arial,sans-serif; font-size:14px\">Pier\u015bcionki zar\u0119czynowe ze s\u0142oniami pod\u0105\u017caj\u0105cymi za sob\u0105 i trzymaj\u0105cymi si\u0119 za ogony s\u0105 pi\u0119kne zar&oacute;wno wizualnie, jak i w swoim g\u0142\u0119bokim znaczeniu.<\/span><br \/>_x000D_<br \/>\n<span style=\"background-color:rgb(255, 255, 255); color:rgb(29, 33, 41); font-family:segoe ui historic,segoe ui,helvetica,arial,sans-serif; font-size:14px\">Na przyk\u0142ad na Wschodzie s\u0142onie s\u0105 bardzo czczone i uwa\u017cane za m\u0105dre, \u017cyczliwe zwierz\u0119ta. Obr\u0105czki \u015blubne ze s\u0142oniami jako symbolem m\u0105dro\u015bci i jedno\u015bci to ciekawe i kreatywne rozwi\u0105zanie.<\/span><\/p>\n<p>_x000D_<\/p>\n","protected":false},"excerpt":{"rendered":"<p>Pier\u015bcionki zar\u0119czynowe ze s\u0142oniami pod\u0105\u017caj\u0105cymi za sob\u0105 i trzymaj\u0105cymi si\u0119 za ogony s\u0105 pi\u0119kne zar&oacute;wno wizualnie, jak i w swoim g\u0142\u0119bokim znaczeniu._x000D_ Na przyk\u0142ad na Wschodzie s\u0142onie s\u0105 bardzo czczone i uwa\u017cane za m\u0105dre, \u017cyczliwe zwierz\u0119ta. Obr\u0105czki \u015blubne ze s\u0142oniami jako symbolem m\u0105dro\u015bci i jedno\u015bci to ciekawe i kreatywne rozwi\u0105zanie. _x000D_<\/p>\n","protected":false},"featured_media":42531,"template":"","meta":{"_acf_changed":false},"product_brand":[],"product_cat":[528,533,531],"product_tag":[],"class_list":{"0":"post-43012","1":"product","2":"type-product","3":"status-publish","4":"has-post-thumbnail","6":"product_cat-wedding-rings-pl","7":"product_cat-red-gold-wedding-rings-pl","8":"product_cat-elite-wedding-rings-pl","10":"first","11":"instock","12":"product-type-simple"},"acf":[],"_links":{"self":[{"href":"https:\/\/zl.jewelry\/pl\/wp-json\/wp\/v2\/product\/43012","targetHints":{"allow":["GET"]}}],"collection":[{"href":"https:\/\/zl.jewelry\/pl\/wp-json\/wp\/v2\/product"}],"about":[{"href":"https:\/\/zl.jewelry\/pl\/wp-json\/wp\/v2\/types\/product"}],"wp:featuredmedia":[{"embeddable":true,"href":"https:\/\/zl.jewelry\/pl\/wp-json\/wp\/v2\/media\/42531"}],"wp:attachment":[{"href":"https:\/\/zl.jewelry\/pl\/wp-json\/wp\/v2\/media?parent=43012"}],"wp:term":[{"taxonomy":"product_brand","embeddable":true,"href":"https:\/\/zl.jewelry\/pl\/wp-json\/wp\/v2\/product_brand?post=43012"},{"taxonomy":"product_cat","embeddable":true,"href":"https:\/\/zl.jewelry\/pl\/wp-json\/wp\/v2\/product_cat?post=43012"},{"taxonomy":"product_tag","embeddable":true,"href":"https:\/\/zl.jewelry\/pl\/wp-json\/wp\/v2\/product_tag?post=43012"}],"curies":[{"name":"wp","href":"https:\/\/api.w.org\/{rel}","templated":true}]}}