{"id":43011,"date":"2025-06-18T11:02:37","date_gmt":"2025-06-18T11:02:37","guid":{"rendered":"https:\/\/zl.jewelry\/product\/wedding-rings-transformer-with-diamond\/"},"modified":"2026-01-26T11:57:13","modified_gmt":"2026-01-26T11:57:13","slug":"wedding-rings-transformer-with-diamond","status":"publish","type":"product","link":"https:\/\/zl.jewelry\/pl\/product\/wedding-rings-transformer-with-diamond\/","title":{"rendered":"Obr\u0105czki \u015blubne transform\u0435r z diamentem"},"content":{"rendered":"<p>Damska wersja pier\u015bcionka zar\u0119czynowego polega na noszeniu pier\u015bcionka zar\u0119czynowego razem z obr\u0105czk\u0105 \u015blubn\u0105 jako ca\u0142o\u015b\u0107<\/p>\n<div><\/div>\n<p>&nbsp;<\/p>\n","protected":false},"excerpt":{"rendered":"<p>Damska wersja pier\u015bcionka zar\u0119czynowego polega na noszeniu pier\u015bcionka zar\u0119czynowego razem z obr\u0105czk\u0105 \u015blubn\u0105 jako ca\u0142o\u015b\u0107 &nbsp;<\/p>\n","protected":false},"featured_media":42525,"template":"","meta":{"_acf_changed":false},"product_brand":[],"product_cat":[528,530],"product_tag":[],"class_list":{"0":"post-43011","1":"product","2":"type-product","3":"status-publish","4":"has-post-thumbnail","6":"product_cat-wedding-rings-pl","7":"product_cat-combined-wedding-rings-pl","9":"first","10":"instock","11":"product-type-simple"},"acf":[],"_links":{"self":[{"href":"https:\/\/zl.jewelry\/pl\/wp-json\/wp\/v2\/product\/43011","targetHints":{"allow":["GET"]}}],"collection":[{"href":"https:\/\/zl.jewelry\/pl\/wp-json\/wp\/v2\/product"}],"about":[{"href":"https:\/\/zl.jewelry\/pl\/wp-json\/wp\/v2\/types\/product"}],"wp:featuredmedia":[{"embeddable":true,"href":"https:\/\/zl.jewelry\/pl\/wp-json\/wp\/v2\/media\/42525"}],"wp:attachment":[{"href":"https:\/\/zl.jewelry\/pl\/wp-json\/wp\/v2\/media?parent=43011"}],"wp:term":[{"taxonomy":"product_brand","embeddable":true,"href":"https:\/\/zl.jewelry\/pl\/wp-json\/wp\/v2\/product_brand?post=43011"},{"taxonomy":"product_cat","embeddable":true,"href":"https:\/\/zl.jewelry\/pl\/wp-json\/wp\/v2\/product_cat?post=43011"},{"taxonomy":"product_tag","embeddable":true,"href":"https:\/\/zl.jewelry\/pl\/wp-json\/wp\/v2\/product_tag?post=43011"}],"curies":[{"name":"wp","href":"https:\/\/api.w.org\/{rel}","templated":true}]}}