{"id":43004,"date":"2025-06-18T11:02:44","date_gmt":"2025-06-18T11:02:44","guid":{"rendered":"https:\/\/zl.jewelry\/product\/openwork-cross-with-crucifix-2\/"},"modified":"2026-01-26T10:52:33","modified_gmt":"2026-01-26T10:52:33","slug":"openwork-cross-with-crucifix-2","status":"publish","type":"product","link":"https:\/\/zl.jewelry\/pl\/product\/openwork-cross-with-crucifix-2\/","title":{"rendered":"A\u017curowy krzy\u017c z Ukrzy\u017cowaniem"},"content":{"rendered":"","protected":false},"excerpt":{"rendered":"","protected":false},"featured_media":42503,"template":"","meta":{"_acf_changed":false},"product_brand":[],"product_cat":[504,505,506,508,513],"product_tag":[],"class_list":{"0":"post-43004","1":"product","2":"type-product","3":"status-publish","4":"has-post-thumbnail","6":"product_cat-golden-crosses-pl","7":"product_cat-crosses-for-children-pl","8":"product_cat-crosses-with-stones-pl","9":"product_cat-for-baptism-pl","10":"product_cat-womens-crosses-pl","12":"first","13":"instock","14":"product-type-simple"},"acf":[],"_links":{"self":[{"href":"https:\/\/zl.jewelry\/pl\/wp-json\/wp\/v2\/product\/43004","targetHints":{"allow":["GET"]}}],"collection":[{"href":"https:\/\/zl.jewelry\/pl\/wp-json\/wp\/v2\/product"}],"about":[{"href":"https:\/\/zl.jewelry\/pl\/wp-json\/wp\/v2\/types\/product"}],"wp:featuredmedia":[{"embeddable":true,"href":"https:\/\/zl.jewelry\/pl\/wp-json\/wp\/v2\/media\/42503"}],"wp:attachment":[{"href":"https:\/\/zl.jewelry\/pl\/wp-json\/wp\/v2\/media?parent=43004"}],"wp:term":[{"taxonomy":"product_brand","embeddable":true,"href":"https:\/\/zl.jewelry\/pl\/wp-json\/wp\/v2\/product_brand?post=43004"},{"taxonomy":"product_cat","embeddable":true,"href":"https:\/\/zl.jewelry\/pl\/wp-json\/wp\/v2\/product_cat?post=43004"},{"taxonomy":"product_tag","embeddable":true,"href":"https:\/\/zl.jewelry\/pl\/wp-json\/wp\/v2\/product_tag?post=43004"}],"curies":[{"name":"wp","href":"https:\/\/api.w.org\/{rel}","templated":true}]}}