{"id":42997,"date":"2025-06-18T11:02:44","date_gmt":"2025-06-18T11:02:44","guid":{"rendered":"https:\/\/zl.jewelry\/product\/pendant-mosque-with-a-crescent\/"},"modified":"2026-01-26T10:15:23","modified_gmt":"2026-01-26T10:15:23","slug":"pendant-mosque-with-a-crescent","status":"publish","type":"product","link":"https:\/\/zl.jewelry\/pl\/product\/pendant-mosque-with-a-crescent\/","title":{"rendered":"Wisiorek &#8222;Meczet\u201d z p\u00f3\u0142ksi\u0119\u017cycem"},"content":{"rendered":"","protected":false},"excerpt":{"rendered":"","protected":false},"featured_media":65761,"template":"","meta":{"_acf_changed":false},"product_brand":[],"product_cat":[563,568],"product_tag":[],"class_list":{"0":"post-42997","1":"product","2":"type-product","3":"status-publish","4":"has-post-thumbnail","6":"product_cat-gold-pendants-pl","7":"product_cat-without-inserts-2-pl","9":"first","10":"instock","11":"product-type-simple"},"acf":[],"_links":{"self":[{"href":"https:\/\/zl.jewelry\/pl\/wp-json\/wp\/v2\/product\/42997","targetHints":{"allow":["GET"]}}],"collection":[{"href":"https:\/\/zl.jewelry\/pl\/wp-json\/wp\/v2\/product"}],"about":[{"href":"https:\/\/zl.jewelry\/pl\/wp-json\/wp\/v2\/types\/product"}],"wp:featuredmedia":[{"embeddable":true,"href":"https:\/\/zl.jewelry\/pl\/wp-json\/wp\/v2\/media\/65761"}],"wp:attachment":[{"href":"https:\/\/zl.jewelry\/pl\/wp-json\/wp\/v2\/media?parent=42997"}],"wp:term":[{"taxonomy":"product_brand","embeddable":true,"href":"https:\/\/zl.jewelry\/pl\/wp-json\/wp\/v2\/product_brand?post=42997"},{"taxonomy":"product_cat","embeddable":true,"href":"https:\/\/zl.jewelry\/pl\/wp-json\/wp\/v2\/product_cat?post=42997"},{"taxonomy":"product_tag","embeddable":true,"href":"https:\/\/zl.jewelry\/pl\/wp-json\/wp\/v2\/product_tag?post=42997"}],"curies":[{"name":"wp","href":"https:\/\/api.w.org\/{rel}","templated":true}]}}