{"id":42996,"date":"2025-06-18T11:02:44","date_gmt":"2025-06-18T11:02:44","guid":{"rendered":"https:\/\/zl.jewelry\/product\/rope-save-and-save-with-4-inserts\/"},"modified":"2026-01-24T14:57:42","modified_gmt":"2026-01-24T14:57:42","slug":"rope-save-and-save-with-4-inserts","status":"publish","type":"product","link":"https:\/\/zl.jewelry\/pl\/product\/rope-save-and-save-with-4-inserts\/","title":{"rendered":"Sznur &#8222;Save and Preserve&#8221; z 4 wstawkami"},"content":{"rendered":"<section class=\"l-section wpb_row height_small\"><div class=\"l-section-h i-cf\"><div class=\"g-cols vc_row via_flex valign_top type_default stacking_default\"><div class=\"vc_col-sm-12 wpb_column vc_column_container\"><div class=\"vc_column-inner\"><div class=\"wpb_wrapper\"><div class=\"wpb_text_column\"><div class=\"wpb_wrapper\"><pre><span style=\"color: #4d4d4d; font-family: roboto,sans-serif; font-size: 16px;\">\u015arednica przekroju poprzecznego\u00a0Sznur 4 mm. D\u0142ugo\u015b\u0107 liny na \u017cyczenie klienta.<\/span>\r\n\r\n\r\n<\/pre>\n<\/div><\/div><\/div><\/div><\/div><\/div><\/div><\/section>\n","protected":false},"excerpt":{"rendered":"\u015arednica przekroju poprzecznego\u00a0Sznur 4 mm. D\u0142ugo\u015b\u0107 liny na \u017cyczenie klienta.","protected":false},"featured_media":42484,"template":"","meta":{"_acf_changed":false},"product_brand":[],"product_cat":[496,497,499],"product_tag":[],"class_list":{"0":"post-42996","1":"product","2":"type-product","3":"status-publish","4":"has-post-thumbnail","6":"product_cat-jewelry-laces-pl","7":"product_cat-childrens-womens-pl","8":"product_cat-nylon-mens-pl","10":"first","11":"instock","12":"product-type-simple"},"acf":[],"_links":{"self":[{"href":"https:\/\/zl.jewelry\/pl\/wp-json\/wp\/v2\/product\/42996","targetHints":{"allow":["GET"]}}],"collection":[{"href":"https:\/\/zl.jewelry\/pl\/wp-json\/wp\/v2\/product"}],"about":[{"href":"https:\/\/zl.jewelry\/pl\/wp-json\/wp\/v2\/types\/product"}],"wp:featuredmedia":[{"embeddable":true,"href":"https:\/\/zl.jewelry\/pl\/wp-json\/wp\/v2\/media\/42484"}],"wp:attachment":[{"href":"https:\/\/zl.jewelry\/pl\/wp-json\/wp\/v2\/media?parent=42996"}],"wp:term":[{"taxonomy":"product_brand","embeddable":true,"href":"https:\/\/zl.jewelry\/pl\/wp-json\/wp\/v2\/product_brand?post=42996"},{"taxonomy":"product_cat","embeddable":true,"href":"https:\/\/zl.jewelry\/pl\/wp-json\/wp\/v2\/product_cat?post=42996"},{"taxonomy":"product_tag","embeddable":true,"href":"https:\/\/zl.jewelry\/pl\/wp-json\/wp\/v2\/product_tag?post=42996"}],"curies":[{"name":"wp","href":"https:\/\/api.w.org\/{rel}","templated":true}]}}