{"id":42990,"date":"2025-06-18T11:02:44","date_gmt":"2025-06-18T11:02:44","guid":{"rendered":"https:\/\/zl.jewelry\/product\/cross-classic\/"},"modified":"2026-01-24T14:20:24","modified_gmt":"2026-01-24T14:20:24","slug":"cross-classic","status":"publish","type":"product","link":"https:\/\/zl.jewelry\/pl\/product\/cross-classic\/","title":{"rendered":"Krzy\u017c &#8222;Classic&#8221;"},"content":{"rendered":"<p>Krzy\u017c z czerwonego z\u0142ota, kplcyfiks z bia\u0142ego z\u0142ota pr\u00f3by 585*. Wysoko\u015b\u0107 krzy\u017cyka bez uszka wynosi 43 mm. Emalia znajduje si\u0119 na uchu, na przedniej stronie krzy\u017ca pod kplcyfiksem, a na tylnej stronie napisu &#8222;Save and Preserve&#8221;. Kplcyfiks z bia\u0142ego z\u0142ota pokrytego rodem.<\/p>\n","protected":false},"excerpt":{"rendered":"<p>Krzy\u017c z czerwonego z\u0142ota, kplcyfiks z bia\u0142ego z\u0142ota pr\u00f3by 585*. Wysoko\u015b\u0107 krzy\u017cyka bez uszka wynosi 43 mm. Emalia znajduje si\u0119 na uchu, na przedniej stronie krzy\u017ca pod kplcyfiksem, a na tylnej stronie napisu &#8222;Save and Preserve&#8221;. Kplcyfiks z bia\u0142ego z\u0142ota pokrytego rodem.<\/p>\n","protected":false},"featured_media":42469,"template":"","meta":{"_acf_changed":false},"product_brand":[],"product_cat":[504,510,513],"product_tag":[],"class_list":{"0":"post-42990","1":"product","2":"type-product","3":"status-publish","4":"has-post-thumbnail","6":"product_cat-golden-crosses-pl","7":"product_cat-mens-crosses-pl","8":"product_cat-womens-crosses-pl","10":"first","11":"instock","12":"product-type-simple"},"acf":[],"_links":{"self":[{"href":"https:\/\/zl.jewelry\/pl\/wp-json\/wp\/v2\/product\/42990","targetHints":{"allow":["GET"]}}],"collection":[{"href":"https:\/\/zl.jewelry\/pl\/wp-json\/wp\/v2\/product"}],"about":[{"href":"https:\/\/zl.jewelry\/pl\/wp-json\/wp\/v2\/types\/product"}],"wp:featuredmedia":[{"embeddable":true,"href":"https:\/\/zl.jewelry\/pl\/wp-json\/wp\/v2\/media\/42469"}],"wp:attachment":[{"href":"https:\/\/zl.jewelry\/pl\/wp-json\/wp\/v2\/media?parent=42990"}],"wp:term":[{"taxonomy":"product_brand","embeddable":true,"href":"https:\/\/zl.jewelry\/pl\/wp-json\/wp\/v2\/product_brand?post=42990"},{"taxonomy":"product_cat","embeddable":true,"href":"https:\/\/zl.jewelry\/pl\/wp-json\/wp\/v2\/product_cat?post=42990"},{"taxonomy":"product_tag","embeddable":true,"href":"https:\/\/zl.jewelry\/pl\/wp-json\/wp\/v2\/product_tag?post=42990"}],"curies":[{"name":"wp","href":"https:\/\/api.w.org\/{rel}","templated":true}]}}