{"id":42986,"date":"2025-06-18T11:02:50","date_gmt":"2025-06-18T11:02:50","guid":{"rendered":"https:\/\/zl.jewelry\/product\/engagement-ring-sun-valley\/"},"modified":"2026-01-24T14:04:01","modified_gmt":"2026-01-24T14:04:01","slug":"engagement-ring-sun-valley","status":"publish","type":"product","link":"https:\/\/zl.jewelry\/pl\/product\/engagement-ring-sun-valley\/","title":{"rendered":"Pier\u015bcionek zar\u0119czynowy &#8222;Sun Valley&#8221;"},"content":{"rendered":"<section class=\"l-section wpb_row height_small\"><div class=\"l-section-h i-cf\"><div class=\"g-cols vc_row via_flex valign_top type_default stacking_default\"><div class=\"vc_col-sm-12 wpb_column vc_column_container\"><div class=\"vc_column-inner\"><div class=\"wpb_wrapper\"><div class=\"wpb_text_column\"><div class=\"wpb_wrapper\"><p>Pier\u015bcionek z czerwonego z\u0142ota, o rozmiarze 16.1, waga bi\u017cuterii to 4.46 grama. Waga zmienia si\u0119 w zale\u017cno\u015bci od rozmiapl. \u00a0 Pier\u015bcionek z rozsypk\u0105 kamieni, kamienie o \u015brednicy 1,4 mm (85szt). Istnieje mo\u017cliwo\u015b\u0107 osadzenia dowolnych kamieni na \u017cyczenie klienta.<\/p>\n<\/div><\/div><\/div><\/div><\/div><\/div><\/div><\/section>\n","protected":false},"excerpt":{"rendered":"Pier\u015bcionek z czerwonego z\u0142ota, o rozmiarze 16.1, waga bi\u017cuterii to 4.46 grama. Waga zmienia si\u0119 w zale\u017cno\u015bci od rozmiapl. \u00a0 Pier\u015bcionek z rozsypk\u0105 kamieni, kamienie o \u015brednicy 1,4 mm (85szt). Istnieje mo\u017cliwo\u015b\u0107 osadzenia dowolnych kamieni na \u017cyczenie klienta.","protected":false},"featured_media":42458,"template":"","meta":{"_acf_changed":false},"product_brand":[],"product_cat":[524,523,526],"product_tag":[],"class_list":{"0":"post-42986","1":"product","2":"type-product","3":"status-publish","4":"has-post-thumbnail","6":"product_cat-engagement-rings-with-diamonds-pl","7":"product_cat-engagement-rings-pl","8":"product_cat-red-gold-engagement-rings-pl","10":"first","11":"instock","12":"product-type-simple"},"acf":[],"_links":{"self":[{"href":"https:\/\/zl.jewelry\/pl\/wp-json\/wp\/v2\/product\/42986","targetHints":{"allow":["GET"]}}],"collection":[{"href":"https:\/\/zl.jewelry\/pl\/wp-json\/wp\/v2\/product"}],"about":[{"href":"https:\/\/zl.jewelry\/pl\/wp-json\/wp\/v2\/types\/product"}],"wp:featuredmedia":[{"embeddable":true,"href":"https:\/\/zl.jewelry\/pl\/wp-json\/wp\/v2\/media\/42458"}],"wp:attachment":[{"href":"https:\/\/zl.jewelry\/pl\/wp-json\/wp\/v2\/media?parent=42986"}],"wp:term":[{"taxonomy":"product_brand","embeddable":true,"href":"https:\/\/zl.jewelry\/pl\/wp-json\/wp\/v2\/product_brand?post=42986"},{"taxonomy":"product_cat","embeddable":true,"href":"https:\/\/zl.jewelry\/pl\/wp-json\/wp\/v2\/product_cat?post=42986"},{"taxonomy":"product_tag","embeddable":true,"href":"https:\/\/zl.jewelry\/pl\/wp-json\/wp\/v2\/product_tag?post=42986"}],"curies":[{"name":"wp","href":"https:\/\/api.w.org\/{rel}","templated":true}]}}