{"id":42984,"date":"2025-06-18T11:02:50","date_gmt":"2025-06-18T11:02:50","guid":{"rendered":"https:\/\/zl.jewelry\/product\/icon-of-the-virgin-mary-of-vladimir\/"},"modified":"2026-01-24T13:52:18","modified_gmt":"2026-01-24T13:52:18","slug":"icon-of-the-virgin-mary-of-vladimir","status":"publish","type":"product","link":"https:\/\/zl.jewelry\/pl\/product\/icon-of-the-virgin-mary-of-vladimir\/","title":{"rendered":"Ikona &#8222;W\u0142odzimierza Matka Bo\u017ca&#8221;"},"content":{"rendered":"<section class=\"l-section wpb_row height_small\"><div class=\"l-section-h i-cf\"><div class=\"g-cols vc_row via_flex valign_top type_default stacking_default\"><div class=\"vc_col-sm-12 wpb_column vc_column_container\"><div class=\"vc_column-inner\"><div class=\"wpb_wrapper\"><div class=\"wpb_text_column\"><div class=\"wpb_wrapper\"><p>Ikona jest umieszczona na drewnianej podstawie, podstawa, nak\u0142adki i ucho s\u0105 wykonane z czerwonego z\u0142ota. Waga z\u0142ota w ikonie wynosi 6,43 grama. Wysoko\u015b\u0107 ikony bez uszka wynosi 30 mm. Na przedniej stronie ikony z twarz\u0105 Matki Bo\u017cej W\u0142odzimierskiej, na tylnej stronie, na drewnie znajduje si\u0119 napis &#8222;Matka jest ci\u0119\u017csza ni\u017c ziemia, ojciec jest wy\u017cszy ni\u017c niebo&#8221;.&#8221;.<\/p>\n<\/div><\/div><\/div><\/div><\/div><\/div><\/div><\/section>\n","protected":false},"excerpt":{"rendered":"Ikona jest umieszczona na drewnianej podstawie, podstawa, nak\u0142adki i ucho s\u0105 wykonane z czerwonego z\u0142ota. Waga z\u0142ota w ikonie wynosi 6,43 grama. Wysoko\u015b\u0107 ikony bez uszka wynosi 30 mm. Na przedniej stronie ikony z twarz\u0105 Matki Bo\u017cej W\u0142odzimierskiej, na tylnej stronie, na drewnie znajduje si\u0119 napis &#8222;Matka jest ci\u0119\u017csza ni\u017c ziemia, ojciec jest wy\u017cszy ni\u017c...","protected":false},"featured_media":42454,"template":"","meta":{"_acf_changed":false},"product_brand":[],"product_cat":[500,502],"product_tag":[],"class_list":{"0":"post-42984","1":"product","2":"type-product","3":"status-publish","4":"has-post-thumbnail","6":"product_cat-golden-icons-pl","7":"product_cat-on-an-ebony-tree-pl","9":"first","10":"instock","11":"product-type-simple"},"acf":[],"_links":{"self":[{"href":"https:\/\/zl.jewelry\/pl\/wp-json\/wp\/v2\/product\/42984","targetHints":{"allow":["GET"]}}],"collection":[{"href":"https:\/\/zl.jewelry\/pl\/wp-json\/wp\/v2\/product"}],"about":[{"href":"https:\/\/zl.jewelry\/pl\/wp-json\/wp\/v2\/types\/product"}],"wp:featuredmedia":[{"embeddable":true,"href":"https:\/\/zl.jewelry\/pl\/wp-json\/wp\/v2\/media\/42454"}],"wp:attachment":[{"href":"https:\/\/zl.jewelry\/pl\/wp-json\/wp\/v2\/media?parent=42984"}],"wp:term":[{"taxonomy":"product_brand","embeddable":true,"href":"https:\/\/zl.jewelry\/pl\/wp-json\/wp\/v2\/product_brand?post=42984"},{"taxonomy":"product_cat","embeddable":true,"href":"https:\/\/zl.jewelry\/pl\/wp-json\/wp\/v2\/product_cat?post=42984"},{"taxonomy":"product_tag","embeddable":true,"href":"https:\/\/zl.jewelry\/pl\/wp-json\/wp\/v2\/product_tag?post=42984"}],"curies":[{"name":"wp","href":"https:\/\/api.w.org\/{rel}","templated":true}]}}