{"id":42983,"date":"2025-06-18T11:02:50","date_gmt":"2025-06-18T11:02:50","guid":{"rendered":"https:\/\/zl.jewelry\/product\/engagement-ring-frantic-classic\/"},"modified":"2026-01-24T13:43:23","modified_gmt":"2026-01-24T13:43:23","slug":"engagement-ring-frantic-classic","status":"publish","type":"product","link":"https:\/\/zl.jewelry\/pl\/product\/engagement-ring-frantic-classic\/","title":{"rendered":"Pier\u015bcionek zar\u0119czynowy &#8222;Fierce Classics&#8221;"},"content":{"rendered":"<p>Pier\u015bcionek wa\u017cy 4,57 grama, rozmiar 18,5. Podstawa z czerwonego z\u0142ota, nak\u0142adka z bia\u0142ego z\u0142ota. Nak\u0142adka jest rodowana. Wstawione kamienie, \u015brednica 3,50mm; 1,75mm (6szt). Mo\u017cliwo\u015b\u0107 osadzenia dowolnych kamieni\u00a0 na \u017cyczenie klienta.<\/p>\n","protected":false},"excerpt":{"rendered":"<p>Pier\u015bcionek wa\u017cy 4,57 grama, rozmiar 18,5. Podstawa z czerwonego z\u0142ota, nak\u0142adka z bia\u0142ego z\u0142ota. Nak\u0142adka jest rodowana. Wstawione kamienie, \u015brednica 3,50mm; 1,75mm (6szt). Mo\u017cliwo\u015b\u0107 osadzenia dowolnych kamieni\u00a0 na \u017cyczenie klienta.<\/p>\n","protected":false},"featured_media":42452,"template":"","meta":{"_acf_changed":false},"product_brand":[],"product_cat":[523,524,526],"product_tag":[],"class_list":{"0":"post-42983","1":"product","2":"type-product","3":"status-publish","4":"has-post-thumbnail","6":"product_cat-engagement-rings-pl","7":"product_cat-engagement-rings-with-diamonds-pl","8":"product_cat-red-gold-engagement-rings-pl","10":"first","11":"instock","12":"product-type-simple"},"acf":[],"_links":{"self":[{"href":"https:\/\/zl.jewelry\/pl\/wp-json\/wp\/v2\/product\/42983","targetHints":{"allow":["GET"]}}],"collection":[{"href":"https:\/\/zl.jewelry\/pl\/wp-json\/wp\/v2\/product"}],"about":[{"href":"https:\/\/zl.jewelry\/pl\/wp-json\/wp\/v2\/types\/product"}],"wp:featuredmedia":[{"embeddable":true,"href":"https:\/\/zl.jewelry\/pl\/wp-json\/wp\/v2\/media\/42452"}],"wp:attachment":[{"href":"https:\/\/zl.jewelry\/pl\/wp-json\/wp\/v2\/media?parent=42983"}],"wp:term":[{"taxonomy":"product_brand","embeddable":true,"href":"https:\/\/zl.jewelry\/pl\/wp-json\/wp\/v2\/product_brand?post=42983"},{"taxonomy":"product_cat","embeddable":true,"href":"https:\/\/zl.jewelry\/pl\/wp-json\/wp\/v2\/product_cat?post=42983"},{"taxonomy":"product_tag","embeddable":true,"href":"https:\/\/zl.jewelry\/pl\/wp-json\/wp\/v2\/product_tag?post=42983"}],"curies":[{"name":"wp","href":"https:\/\/api.w.org\/{rel}","templated":true}]}}