{"id":42979,"date":"2025-06-18T11:02:50","date_gmt":"2025-06-18T11:02:50","guid":{"rendered":"https:\/\/zl.jewelry\/product\/earrings-on-style-from-combined-gold\/"},"modified":"2026-01-24T13:17:16","modified_gmt":"2026-01-24T13:17:16","slug":"earrings-on-style-from-combined-gold","status":"publish","type":"product","link":"https:\/\/zl.jewelry\/pl\/product\/earrings-on-style-from-combined-gold\/","title":{"rendered":"Kolczyki &#8222;On Style\u201d z \u0142\u0105czonego z\u0142ota"},"content":{"rendered":"","protected":false},"excerpt":{"rendered":"","protected":false},"featured_media":42444,"template":"","meta":{"_acf_changed":false},"product_brand":[],"product_cat":[538,545,546,548,550],"product_tag":[],"class_list":{"0":"post-42979","1":"product","2":"type-product","3":"status-publish","4":"has-post-thumbnail","6":"product_cat-gold-earrings-pl","7":"product_cat-earrings-up-to-5g-pl","8":"product_cat-earrings-with-diamonds-pl","9":"product_cat-earrings-with-stones-pl","10":"product_cat-with-cubic-zirkonia-pl","12":"first","13":"instock","14":"product-type-simple"},"acf":[],"_links":{"self":[{"href":"https:\/\/zl.jewelry\/pl\/wp-json\/wp\/v2\/product\/42979","targetHints":{"allow":["GET"]}}],"collection":[{"href":"https:\/\/zl.jewelry\/pl\/wp-json\/wp\/v2\/product"}],"about":[{"href":"https:\/\/zl.jewelry\/pl\/wp-json\/wp\/v2\/types\/product"}],"wp:featuredmedia":[{"embeddable":true,"href":"https:\/\/zl.jewelry\/pl\/wp-json\/wp\/v2\/media\/42444"}],"wp:attachment":[{"href":"https:\/\/zl.jewelry\/pl\/wp-json\/wp\/v2\/media?parent=42979"}],"wp:term":[{"taxonomy":"product_brand","embeddable":true,"href":"https:\/\/zl.jewelry\/pl\/wp-json\/wp\/v2\/product_brand?post=42979"},{"taxonomy":"product_cat","embeddable":true,"href":"https:\/\/zl.jewelry\/pl\/wp-json\/wp\/v2\/product_cat?post=42979"},{"taxonomy":"product_tag","embeddable":true,"href":"https:\/\/zl.jewelry\/pl\/wp-json\/wp\/v2\/product_tag?post=42979"}],"curies":[{"name":"wp","href":"https:\/\/api.w.org\/{rel}","templated":true}]}}