{"id":42974,"date":"2025-06-18T11:02:50","date_gmt":"2025-06-18T11:02:50","guid":{"rendered":"https:\/\/zl.jewelry\/product\/carved-oval-icon\/"},"modified":"2026-01-24T12:57:12","modified_gmt":"2026-01-24T12:57:12","slug":"carved-oval-icon","status":"publish","type":"product","link":"https:\/\/zl.jewelry\/pl\/product\/carved-oval-icon\/","title":{"rendered":"Rze\u017abiona owalna ikona"},"content":{"rendered":"<p>Ikona w po\u0142\u0105czeniu czerwonego i bia\u0142ego z\u0142ota, waga zale\u017cna od wymiar\u00f3w, o przybli\u017conej wysoko\u015bci bez uszka 45mm, i szeroko\u015bci 30mm, waga z\u0142ota 7,03 grama. Podstawa i ucho z czerwonego z\u0142ota, twarz Matki Boskiej z bia\u0142ego z\u0142ota, pokryta rodem.\u00a0Na podstawie osadzone kamienie o \u015brednicy 1,25mm (56szt), mo\u017cna osadzi\u0107 dowolne kamienie na \u017cyczenie klienta.<\/p>\n","protected":false},"excerpt":{"rendered":"<p>Ikona w po\u0142\u0105czeniu czerwonego i bia\u0142ego z\u0142ota, waga zale\u017cna od wymiar\u00f3w, o przybli\u017conej wysoko\u015bci bez uszka 45mm, i szeroko\u015bci 30mm, waga z\u0142ota 7,03 grama. Podstawa i ucho z czerwonego z\u0142ota, twarz Matki Boskiej z bia\u0142ego z\u0142ota, pokryta rodem.\u00a0Na podstawie osadzone kamienie o \u015brednicy 1,25mm (56szt), mo\u017cna osadzi\u0107 dowolne kamienie na \u017cyczenie klienta.<\/p>\n","protected":false},"featured_media":42434,"template":"","meta":{"_acf_changed":false},"product_brand":[],"product_cat":[500,503],"product_tag":[],"class_list":{"0":"post-42974","1":"product","2":"type-product","3":"status-publish","4":"has-post-thumbnail","6":"product_cat-golden-icons-pl","7":"product_cat-with-stones-pl","9":"first","10":"instock","11":"product-type-simple"},"acf":[],"_links":{"self":[{"href":"https:\/\/zl.jewelry\/pl\/wp-json\/wp\/v2\/product\/42974","targetHints":{"allow":["GET"]}}],"collection":[{"href":"https:\/\/zl.jewelry\/pl\/wp-json\/wp\/v2\/product"}],"about":[{"href":"https:\/\/zl.jewelry\/pl\/wp-json\/wp\/v2\/types\/product"}],"wp:featuredmedia":[{"embeddable":true,"href":"https:\/\/zl.jewelry\/pl\/wp-json\/wp\/v2\/media\/42434"}],"wp:attachment":[{"href":"https:\/\/zl.jewelry\/pl\/wp-json\/wp\/v2\/media?parent=42974"}],"wp:term":[{"taxonomy":"product_brand","embeddable":true,"href":"https:\/\/zl.jewelry\/pl\/wp-json\/wp\/v2\/product_brand?post=42974"},{"taxonomy":"product_cat","embeddable":true,"href":"https:\/\/zl.jewelry\/pl\/wp-json\/wp\/v2\/product_cat?post=42974"},{"taxonomy":"product_tag","embeddable":true,"href":"https:\/\/zl.jewelry\/pl\/wp-json\/wp\/v2\/product_tag?post=42974"}],"curies":[{"name":"wp","href":"https:\/\/api.w.org\/{rel}","templated":true}]}}