{"id":42963,"date":"2025-06-18T11:02:56","date_gmt":"2025-06-18T11:02:56","guid":{"rendered":"https:\/\/zl.jewelry\/product\/ring-rose-with-a-diamond-in-the-center\/"},"modified":"2026-01-24T12:02:40","modified_gmt":"2026-01-24T12:02:40","slug":"ring-rose-with-a-diamond-in-the-center","status":"publish","type":"product","link":"https:\/\/zl.jewelry\/pl\/product\/ring-rose-with-a-diamond-in-the-center\/","title":{"rendered":"Pier\u015bcionek &#8222;R\u00f3\u017ca&#8221; z diamentem w \u015brodku"},"content":{"rendered":"","protected":false},"excerpt":{"rendered":"","protected":false},"featured_media":42412,"template":"","meta":{"_acf_changed":false},"product_brand":[],"product_cat":[518,519,522,514],"product_tag":[],"class_list":{"0":"post-42963","1":"product","2":"type-product","3":"status-publish","4":"has-post-thumbnail","6":"product_cat-red-gold-rings-pl","7":"product_cat-rings-with-diamonds-pl","8":"product_cat-with-rocks-pl","9":"product_cat-golden-rings-pl","11":"first","12":"instock","13":"product-type-simple"},"acf":[],"_links":{"self":[{"href":"https:\/\/zl.jewelry\/pl\/wp-json\/wp\/v2\/product\/42963","targetHints":{"allow":["GET"]}}],"collection":[{"href":"https:\/\/zl.jewelry\/pl\/wp-json\/wp\/v2\/product"}],"about":[{"href":"https:\/\/zl.jewelry\/pl\/wp-json\/wp\/v2\/types\/product"}],"wp:featuredmedia":[{"embeddable":true,"href":"https:\/\/zl.jewelry\/pl\/wp-json\/wp\/v2\/media\/42412"}],"wp:attachment":[{"href":"https:\/\/zl.jewelry\/pl\/wp-json\/wp\/v2\/media?parent=42963"}],"wp:term":[{"taxonomy":"product_brand","embeddable":true,"href":"https:\/\/zl.jewelry\/pl\/wp-json\/wp\/v2\/product_brand?post=42963"},{"taxonomy":"product_cat","embeddable":true,"href":"https:\/\/zl.jewelry\/pl\/wp-json\/wp\/v2\/product_cat?post=42963"},{"taxonomy":"product_tag","embeddable":true,"href":"https:\/\/zl.jewelry\/pl\/wp-json\/wp\/v2\/product_tag?post=42963"}],"curies":[{"name":"wp","href":"https:\/\/api.w.org\/{rel}","templated":true}]}}