{"id":42954,"date":"2025-06-18T11:02:56","date_gmt":"2025-06-18T11:02:56","guid":{"rendered":"https:\/\/zl.jewelry\/product\/earrings-4-tracks-with-stones\/"},"modified":"2026-01-24T11:13:31","modified_gmt":"2026-01-24T11:13:31","slug":"earrings-4-tracks-with-stones","status":"publish","type":"product","link":"https:\/\/zl.jewelry\/pl\/product\/earrings-4-tracks-with-stones\/","title":{"rendered":"Kolczyki &#8222;4 tracks&#8221; z kamieniami"},"content":{"rendered":"<section class=\"l-section wpb_row height_small\"><div class=\"l-section-h i-cf\"><div class=\"g-cols vc_row via_flex valign_top type_default stacking_default\"><div class=\"vc_col-sm-12 wpb_column vc_column_container\"><div class=\"vc_column-inner\"><div class=\"wpb_wrapper\"><div class=\"wpb_text_column\"><div class=\"wpb_wrapper\"><p>Kolczyki z czerwonego z\u0142ota, z angielskim zamkiem, o wadze 2,87 grama. Na kolczykach osadzone s\u0105 kamienie o \u015brednicy 1,5 mm (80 sztuk).<\/p>\n<\/div><\/div><\/div><\/div><\/div><\/div><\/div><\/section>\n","protected":false},"excerpt":{"rendered":"Kolczyki z czerwonego z\u0142ota, z angielskim zamkiem, o wadze 2,87 grama. Na kolczykach osadzone s\u0105 kamienie o \u015brednicy 1,5 mm (80 sztuk).","protected":false},"featured_media":42386,"template":"","meta":{"_acf_changed":false},"product_brand":[],"product_cat":[538,545,546,548,550],"product_tag":[],"class_list":{"0":"post-42954","1":"product","2":"type-product","3":"status-publish","4":"has-post-thumbnail","6":"product_cat-gold-earrings-pl","7":"product_cat-earrings-up-to-5g-pl","8":"product_cat-earrings-with-diamonds-pl","9":"product_cat-earrings-with-stones-pl","10":"product_cat-with-cubic-zirkonia-pl","12":"first","13":"instock","14":"product-type-simple"},"acf":[],"_links":{"self":[{"href":"https:\/\/zl.jewelry\/pl\/wp-json\/wp\/v2\/product\/42954","targetHints":{"allow":["GET"]}}],"collection":[{"href":"https:\/\/zl.jewelry\/pl\/wp-json\/wp\/v2\/product"}],"about":[{"href":"https:\/\/zl.jewelry\/pl\/wp-json\/wp\/v2\/types\/product"}],"wp:featuredmedia":[{"embeddable":true,"href":"https:\/\/zl.jewelry\/pl\/wp-json\/wp\/v2\/media\/42386"}],"wp:attachment":[{"href":"https:\/\/zl.jewelry\/pl\/wp-json\/wp\/v2\/media?parent=42954"}],"wp:term":[{"taxonomy":"product_brand","embeddable":true,"href":"https:\/\/zl.jewelry\/pl\/wp-json\/wp\/v2\/product_brand?post=42954"},{"taxonomy":"product_cat","embeddable":true,"href":"https:\/\/zl.jewelry\/pl\/wp-json\/wp\/v2\/product_cat?post=42954"},{"taxonomy":"product_tag","embeddable":true,"href":"https:\/\/zl.jewelry\/pl\/wp-json\/wp\/v2\/product_tag?post=42954"}],"curies":[{"name":"wp","href":"https:\/\/api.w.org\/{rel}","templated":true}]}}