{"id":42943,"date":"2025-06-18T11:03:01","date_gmt":"2025-06-18T11:03:01","guid":{"rendered":"https:\/\/zl.jewelry\/product\/studs-v-2\/"},"modified":"2026-01-23T16:59:15","modified_gmt":"2026-01-23T16:59:15","slug":"studs-v-2","status":"publish","type":"product","link":"https:\/\/zl.jewelry\/pl\/product\/studs-v-2\/","title":{"rendered":"Kolczyki &#8222;V\u201d"},"content":{"rendered":"<p>Kolczyki &#8211; skr\u0119ty z bia\u0142ego z\u0142ota pokrytego rodem. Waga z\u0142ota w kolczykach to 3,15 grama. Wstawki z kamieniami Swarovski\u00a0 \u015brednica oko\u0142o\u00a0 1,25mm.\u00a0 Wysoko\u015b\u0107 kolczyka 12mm.<\/p>\n","protected":false},"excerpt":{"rendered":"<p>Kolczyki &#8211; skr\u0119ty z bia\u0142ego z\u0142ota pokrytego rodem. Waga z\u0142ota w kolczykach to 3,15 grama. Wstawki z kamieniami Swarovski\u00a0 \u015brednica oko\u0142o\u00a0 1,25mm.\u00a0 Wysoko\u015b\u0107 kolczyka 12mm.<\/p>\n","protected":false},"featured_media":42366,"template":"","meta":{"_acf_changed":false},"product_brand":[],"product_cat":[538,545,546,548,549,550],"product_tag":[],"class_list":{"0":"post-42943","1":"product","2":"type-product","3":"status-publish","4":"has-post-thumbnail","6":"product_cat-gold-earrings-pl","7":"product_cat-earrings-up-to-5g-pl","8":"product_cat-earrings-with-diamonds-pl","9":"product_cat-earrings-with-stones-pl","10":"product_cat-studs-pl","11":"product_cat-with-cubic-zirkonia-pl","13":"first","14":"instock","15":"product-type-simple"},"acf":[],"_links":{"self":[{"href":"https:\/\/zl.jewelry\/pl\/wp-json\/wp\/v2\/product\/42943","targetHints":{"allow":["GET"]}}],"collection":[{"href":"https:\/\/zl.jewelry\/pl\/wp-json\/wp\/v2\/product"}],"about":[{"href":"https:\/\/zl.jewelry\/pl\/wp-json\/wp\/v2\/types\/product"}],"wp:featuredmedia":[{"embeddable":true,"href":"https:\/\/zl.jewelry\/pl\/wp-json\/wp\/v2\/media\/42366"}],"wp:attachment":[{"href":"https:\/\/zl.jewelry\/pl\/wp-json\/wp\/v2\/media?parent=42943"}],"wp:term":[{"taxonomy":"product_brand","embeddable":true,"href":"https:\/\/zl.jewelry\/pl\/wp-json\/wp\/v2\/product_brand?post=42943"},{"taxonomy":"product_cat","embeddable":true,"href":"https:\/\/zl.jewelry\/pl\/wp-json\/wp\/v2\/product_cat?post=42943"},{"taxonomy":"product_tag","embeddable":true,"href":"https:\/\/zl.jewelry\/pl\/wp-json\/wp\/v2\/product_tag?post=42943"}],"curies":[{"name":"wp","href":"https:\/\/api.w.org\/{rel}","templated":true}]}}