{"id":42937,"date":"2025-06-18T11:03:01","date_gmt":"2025-06-18T11:03:01","guid":{"rendered":"https:\/\/zl.jewelry\/product\/cast-anchor-chain\/"},"modified":"2026-01-23T16:24:01","modified_gmt":"2026-01-23T16:24:01","slug":"cast-anchor-chain","status":"publish","type":"product","link":"https:\/\/zl.jewelry\/pl\/product\/cast-anchor-chain\/","title":{"rendered":"Odlewany \u0142a\u0144cuszek z kotwic\u0105"},"content":{"rendered":"","protected":false},"excerpt":{"rendered":"","protected":false},"featured_media":41033,"template":"","meta":{"_acf_changed":false},"product_brand":[],"product_cat":[490,491,495,494],"product_tag":[],"class_list":{"0":"post-42937","1":"product","2":"type-product","3":"status-publish","4":"has-post-thumbnail","6":"product_cat-gold-chains","7":"product_cat-chains-for-children-pl","8":"product_cat-gold-chains-up-to-50-gr-pl","9":"product_cat-womens-chains-pl","11":"first","12":"instock","13":"product-type-simple"},"acf":[],"_links":{"self":[{"href":"https:\/\/zl.jewelry\/pl\/wp-json\/wp\/v2\/product\/42937","targetHints":{"allow":["GET"]}}],"collection":[{"href":"https:\/\/zl.jewelry\/pl\/wp-json\/wp\/v2\/product"}],"about":[{"href":"https:\/\/zl.jewelry\/pl\/wp-json\/wp\/v2\/types\/product"}],"wp:featuredmedia":[{"embeddable":true,"href":"https:\/\/zl.jewelry\/pl\/wp-json\/wp\/v2\/media\/41033"}],"wp:attachment":[{"href":"https:\/\/zl.jewelry\/pl\/wp-json\/wp\/v2\/media?parent=42937"}],"wp:term":[{"taxonomy":"product_brand","embeddable":true,"href":"https:\/\/zl.jewelry\/pl\/wp-json\/wp\/v2\/product_brand?post=42937"},{"taxonomy":"product_cat","embeddable":true,"href":"https:\/\/zl.jewelry\/pl\/wp-json\/wp\/v2\/product_cat?post=42937"},{"taxonomy":"product_tag","embeddable":true,"href":"https:\/\/zl.jewelry\/pl\/wp-json\/wp\/v2\/product_tag?post=42937"}],"curies":[{"name":"wp","href":"https:\/\/api.w.org\/{rel}","templated":true}]}}