{"id":42936,"date":"2025-06-18T11:03:01","date_gmt":"2025-06-18T11:03:01","guid":{"rendered":"https:\/\/zl.jewelry\/product\/anchor-chain-with-strong-ends\/"},"modified":"2026-01-23T16:18:35","modified_gmt":"2026-01-23T16:18:35","slug":"anchor-chain-with-strong-ends","status":"publish","type":"product","link":"https:\/\/zl.jewelry\/pl\/product\/anchor-chain-with-strong-ends\/","title":{"rendered":"\u0141a\u0144cuch ankier z wzmocnionymi ko\u0144cami"},"content":{"rendered":"","protected":false},"excerpt":{"rendered":"","protected":false},"featured_media":42352,"template":"","meta":{"_acf_changed":false},"product_brand":[],"product_cat":[493,490,495],"product_tag":[],"class_list":{"0":"post-42936","1":"product","2":"type-product","3":"status-publish","4":"has-post-thumbnail","6":"product_cat-mens-chains-pl","7":"product_cat-gold-chains","8":"product_cat-gold-chains-up-to-50-gr-pl","10":"first","11":"instock","12":"product-type-simple"},"acf":[],"_links":{"self":[{"href":"https:\/\/zl.jewelry\/pl\/wp-json\/wp\/v2\/product\/42936","targetHints":{"allow":["GET"]}}],"collection":[{"href":"https:\/\/zl.jewelry\/pl\/wp-json\/wp\/v2\/product"}],"about":[{"href":"https:\/\/zl.jewelry\/pl\/wp-json\/wp\/v2\/types\/product"}],"wp:featuredmedia":[{"embeddable":true,"href":"https:\/\/zl.jewelry\/pl\/wp-json\/wp\/v2\/media\/42352"}],"wp:attachment":[{"href":"https:\/\/zl.jewelry\/pl\/wp-json\/wp\/v2\/media?parent=42936"}],"wp:term":[{"taxonomy":"product_brand","embeddable":true,"href":"https:\/\/zl.jewelry\/pl\/wp-json\/wp\/v2\/product_brand?post=42936"},{"taxonomy":"product_cat","embeddable":true,"href":"https:\/\/zl.jewelry\/pl\/wp-json\/wp\/v2\/product_cat?post=42936"},{"taxonomy":"product_tag","embeddable":true,"href":"https:\/\/zl.jewelry\/pl\/wp-json\/wp\/v2\/product_tag?post=42936"}],"curies":[{"name":"wp","href":"https:\/\/api.w.org\/{rel}","templated":true}]}}