{"id":42925,"date":"2025-06-18T11:03:07","date_gmt":"2025-06-18T11:03:07","guid":{"rendered":"https:\/\/zl.jewelry\/product\/cross-strict-style\/"},"modified":"2026-01-23T15:04:42","modified_gmt":"2026-01-23T15:04:42","slug":"cross-strict-style","status":"publish","type":"product","link":"https:\/\/zl.jewelry\/pl\/product\/cross-strict-style\/","title":{"rendered":"Krzy\u017c &#8222;Strict Style\u201d"},"content":{"rendered":"<p>Krzy\u017c jest obudow\u0105 na drewnianej podstawie, z nak\u0142adkami z czerwonego z\u0142ota. Waga jest w stosunku wielko\u015bci, z przybli\u017con\u0105 wysoko\u015bci\u0105 krzy\u017ca 58 mm, waga z\u0142ota wynosi 17,21 gram\u00f3w. Z przodu znajduje si\u0119 krucyfiks w formie nak\u0142adki, a z ty\u0142u nak\u0142adka z napisem &#8222;Save and Preserve&#8221;. Na uchu po obu stronach znajduj\u0105 si\u0119 wizerunki \u015bwi\u0119tych.\u00a0 Wz\u00f3r bi\u017cuterii mo\u017ce zosta\u0107 zmieniony na \u017cyczenie klienta.<\/p>\n<p>_x000D_<\/p>\n","protected":false},"excerpt":{"rendered":"<p>Krzy\u017c jest obudow\u0105 na drewnianej podstawie, z nak\u0142adkami z czerwonego z\u0142ota. Waga jest w stosunku wielko\u015bci, z przybli\u017con\u0105 wysoko\u015bci\u0105 krzy\u017ca 58 mm, waga z\u0142ota wynosi 17,21 gram\u00f3w. Z przodu znajduje si\u0119 krucyfiks w formie nak\u0142adki, a z ty\u0142u nak\u0142adka z napisem &#8222;Save and Preserve&#8221;. Na uchu po obu stronach znajduj\u0105 si\u0119 wizerunki \u015bwi\u0119tych.\u00a0 Wz\u00f3r bi\u017cuterii&#8230;<\/p>\n","protected":false},"featured_media":42330,"template":"","meta":{"_acf_changed":false},"product_brand":[],"product_cat":[511,510,504],"product_tag":[],"class_list":{"0":"post-42925","1":"product","2":"type-product","3":"status-publish","4":"has-post-thumbnail","6":"product_cat-on-an-ebony-tree-2-pl","7":"product_cat-mens-crosses-pl","8":"product_cat-golden-crosses-pl","10":"first","11":"instock","12":"product-type-simple"},"acf":[],"_links":{"self":[{"href":"https:\/\/zl.jewelry\/pl\/wp-json\/wp\/v2\/product\/42925","targetHints":{"allow":["GET"]}}],"collection":[{"href":"https:\/\/zl.jewelry\/pl\/wp-json\/wp\/v2\/product"}],"about":[{"href":"https:\/\/zl.jewelry\/pl\/wp-json\/wp\/v2\/types\/product"}],"wp:featuredmedia":[{"embeddable":true,"href":"https:\/\/zl.jewelry\/pl\/wp-json\/wp\/v2\/media\/42330"}],"wp:attachment":[{"href":"https:\/\/zl.jewelry\/pl\/wp-json\/wp\/v2\/media?parent=42925"}],"wp:term":[{"taxonomy":"product_brand","embeddable":true,"href":"https:\/\/zl.jewelry\/pl\/wp-json\/wp\/v2\/product_brand?post=42925"},{"taxonomy":"product_cat","embeddable":true,"href":"https:\/\/zl.jewelry\/pl\/wp-json\/wp\/v2\/product_cat?post=42925"},{"taxonomy":"product_tag","embeddable":true,"href":"https:\/\/zl.jewelry\/pl\/wp-json\/wp\/v2\/product_tag?post=42925"}],"curies":[{"name":"wp","href":"https:\/\/api.w.org\/{rel}","templated":true}]}}