{"id":42919,"date":"2025-06-18T11:03:07","date_gmt":"2025-06-18T11:03:07","guid":{"rendered":"https:\/\/zl.jewelry\/product\/bracelet-on-the-skin-of-a-stingray-and-a-tree-of-life\/"},"modified":"2026-01-23T13:41:13","modified_gmt":"2026-01-23T13:41:13","slug":"bracelet-on-the-skin-of-a-stingray-and-a-tree-of-life","status":"publish","type":"product","link":"https:\/\/zl.jewelry\/pl\/product\/bracelet-on-the-skin-of-a-stingray-and-a-tree-of-life\/","title":{"rendered":"Bransoletka ze sk\u00f3ry p\u0142aszczki z motywem Drzewa \u017bycia"},"content":{"rendered":"<p>Bracelet on stingray leather with gold inlays. Weight depends on the diameter of inserts and their number. The diameter of the leather is 4 mm, the length of the bracelet is 15-17 cm, the bracelet has three inserts and a lock-box with two safety locks and a hinged connection. On the inserts are depicted symbols at the request of the client, which are decorated with red and black enamel. On the lock is modeled the image of the month and the sun. The design of the bracelet can be changed at the customer&#8217;s request.<\/p>\n","protected":false},"excerpt":{"rendered":"<p>Bracelet on stingray leather with gold inlays. Weight depends on the diameter of inserts and their number. The diameter of the leather is 4 mm, the length of the bracelet is 15-17 cm, the bracelet has three inserts and a lock-box with two safety locks and a hinged connection. On the inserts are depicted symbols&#8230;<\/p>\n","protected":false},"featured_media":42318,"template":"","meta":{"_acf_changed":false},"product_brand":[],"product_cat":[557,561,560],"product_tag":[],"class_list":{"0":"post-42919","1":"product","2":"type-product","3":"status-publish","4":"has-post-thumbnail","6":"product_cat-bracelets-pl","7":"product_cat-leather-bracelets-with-gold-inserts-pl","8":"product_cat-gold-bracelets-up-to-30-gr-pl","10":"first","11":"instock","12":"product-type-simple"},"acf":[],"_links":{"self":[{"href":"https:\/\/zl.jewelry\/pl\/wp-json\/wp\/v2\/product\/42919","targetHints":{"allow":["GET"]}}],"collection":[{"href":"https:\/\/zl.jewelry\/pl\/wp-json\/wp\/v2\/product"}],"about":[{"href":"https:\/\/zl.jewelry\/pl\/wp-json\/wp\/v2\/types\/product"}],"wp:featuredmedia":[{"embeddable":true,"href":"https:\/\/zl.jewelry\/pl\/wp-json\/wp\/v2\/media\/42318"}],"wp:attachment":[{"href":"https:\/\/zl.jewelry\/pl\/wp-json\/wp\/v2\/media?parent=42919"}],"wp:term":[{"taxonomy":"product_brand","embeddable":true,"href":"https:\/\/zl.jewelry\/pl\/wp-json\/wp\/v2\/product_brand?post=42919"},{"taxonomy":"product_cat","embeddable":true,"href":"https:\/\/zl.jewelry\/pl\/wp-json\/wp\/v2\/product_cat?post=42919"},{"taxonomy":"product_tag","embeddable":true,"href":"https:\/\/zl.jewelry\/pl\/wp-json\/wp\/v2\/product_tag?post=42919"}],"curies":[{"name":"wp","href":"https:\/\/api.w.org\/{rel}","templated":true}]}}