{"id":42913,"date":"2025-06-18T11:03:07","date_gmt":"2025-06-18T11:03:07","guid":{"rendered":"https:\/\/zl.jewelry\/product\/bracelet-with-inserts-standard\/"},"modified":"2026-01-12T16:28:54","modified_gmt":"2026-01-12T16:28:54","slug":"bracelet-with-inserts-standard","status":"publish","type":"product","link":"https:\/\/zl.jewelry\/pl\/product\/bracelet-with-inserts-standard\/","title":{"rendered":"Bransoletka z wk\u0142adkami &#8222;Standard\u201d"},"content":{"rendered":"<section class=\"l-section wpb_row height_small\"><div class=\"l-section-h i-cf\"><div class=\"g-cols vc_row via_flex valign_top type_default stacking_default\"><div class=\"vc_col-sm-12 wpb_column vc_column_container\"><div class=\"vc_column-inner\"><div class=\"wpb_wrapper\"><div class=\"wpb_text_column\"><div class=\"wpb_wrapper\"><p>Klasyczna bransoletka typu rope, z g\u0142adkimi wk\u0142adkami z czerwonego z\u0142ota. Zapi\u0119cie typu karabi\u0144czyk. Waga z\u0142ota zale\u017cy od \u015brednicy linki i liczby wk\u0142adek, przy \u015brednicy linki 4 mm waga z\u0142ota wynosi 3,30 grama. Projekt mo\u017cna zmieni\u0107 na \u017cyczenie klienta.<\/p>\n<\/div><\/div><\/div><\/div><\/div><\/div><\/div><\/section>\n","protected":false},"excerpt":{"rendered":"Klasyczna bransoletka typu rope, z g\u0142adkimi wk\u0142adkami z czerwonego z\u0142ota. Zapi\u0119cie typu karabi\u0144czyk. Waga z\u0142ota zale\u017cy od \u015brednicy linki i liczby wk\u0142adek, przy \u015brednicy linki 4 mm waga z\u0142ota wynosi 3,30 grama. Projekt mo\u017cna zmieni\u0107 na \u017cyczenie klienta.","protected":false},"featured_media":42306,"template":"","meta":{"_acf_changed":false},"product_brand":[],"product_cat":[557,560,562],"product_tag":[],"class_list":{"0":"post-42913","1":"product","2":"type-product","3":"status-publish","4":"has-post-thumbnail","6":"product_cat-bracelets-pl","7":"product_cat-gold-bracelets-up-to-30-gr-pl","8":"product_cat-silk-bracelets-with-gold-inserts-pl","10":"first","11":"instock","12":"product-type-simple"},"acf":[],"_links":{"self":[{"href":"https:\/\/zl.jewelry\/pl\/wp-json\/wp\/v2\/product\/42913","targetHints":{"allow":["GET"]}}],"collection":[{"href":"https:\/\/zl.jewelry\/pl\/wp-json\/wp\/v2\/product"}],"about":[{"href":"https:\/\/zl.jewelry\/pl\/wp-json\/wp\/v2\/types\/product"}],"wp:featuredmedia":[{"embeddable":true,"href":"https:\/\/zl.jewelry\/pl\/wp-json\/wp\/v2\/media\/42306"}],"wp:attachment":[{"href":"https:\/\/zl.jewelry\/pl\/wp-json\/wp\/v2\/media?parent=42913"}],"wp:term":[{"taxonomy":"product_brand","embeddable":true,"href":"https:\/\/zl.jewelry\/pl\/wp-json\/wp\/v2\/product_brand?post=42913"},{"taxonomy":"product_cat","embeddable":true,"href":"https:\/\/zl.jewelry\/pl\/wp-json\/wp\/v2\/product_cat?post=42913"},{"taxonomy":"product_tag","embeddable":true,"href":"https:\/\/zl.jewelry\/pl\/wp-json\/wp\/v2\/product_tag?post=42913"}],"curies":[{"name":"wp","href":"https:\/\/api.w.org\/{rel}","templated":true}]}}