{"id":42912,"date":"2025-06-18T11:03:07","date_gmt":"2025-06-18T11:03:07","guid":{"rendered":"https:\/\/zl.jewelry\/product\/bracelet-wide-monograms-with-stones\/"},"modified":"2026-01-12T16:21:49","modified_gmt":"2026-01-12T16:21:49","slug":"bracelet-wide-monograms-with-stones","status":"publish","type":"product","link":"https:\/\/zl.jewelry\/pl\/product\/bracelet-wide-monograms-with-stones\/","title":{"rendered":"Szeroka bransoletka &#8222;Monogramy\u201d z kamieniami"},"content":{"rendered":"<section class=\"l-section wpb_row height_small\"><div class=\"l-section-h i-cf\"><div class=\"g-cols vc_row via_flex valign_top type_default stacking_default\"><div class=\"vc_col-sm-12 wpb_column vc_column_container\"><div class=\"vc_column-inner\"><div class=\"wpb_wrapper\"><div class=\"wpb_text_column\"><div class=\"wpb_wrapper\"><p>Dzi\u0119ki tej bransoletce nigdy nie przegapisz urodzin najbli\u017cszych Ci os\u00f3b!<\/p>\n<\/div><\/div><\/div><\/div><\/div><\/div><\/div><\/section>\n","protected":false},"excerpt":{"rendered":"Dzi\u0119ki tej bransoletce nigdy nie przegapisz urodzin najbli\u017cszych Ci os\u00f3b!","protected":false},"featured_media":42304,"template":"","meta":{"_acf_changed":false},"product_brand":[],"product_cat":[557,559],"product_tag":[],"class_list":{"0":"post-42912","1":"product","2":"type-product","3":"status-publish","4":"has-post-thumbnail","6":"product_cat-bracelets-pl","7":"product_cat-gold-bracelets-from-30-gr-pl","9":"first","10":"instock","11":"product-type-simple"},"acf":[],"_links":{"self":[{"href":"https:\/\/zl.jewelry\/pl\/wp-json\/wp\/v2\/product\/42912","targetHints":{"allow":["GET"]}}],"collection":[{"href":"https:\/\/zl.jewelry\/pl\/wp-json\/wp\/v2\/product"}],"about":[{"href":"https:\/\/zl.jewelry\/pl\/wp-json\/wp\/v2\/types\/product"}],"wp:featuredmedia":[{"embeddable":true,"href":"https:\/\/zl.jewelry\/pl\/wp-json\/wp\/v2\/media\/42304"}],"wp:attachment":[{"href":"https:\/\/zl.jewelry\/pl\/wp-json\/wp\/v2\/media?parent=42912"}],"wp:term":[{"taxonomy":"product_brand","embeddable":true,"href":"https:\/\/zl.jewelry\/pl\/wp-json\/wp\/v2\/product_brand?post=42912"},{"taxonomy":"product_cat","embeddable":true,"href":"https:\/\/zl.jewelry\/pl\/wp-json\/wp\/v2\/product_cat?post=42912"},{"taxonomy":"product_tag","embeddable":true,"href":"https:\/\/zl.jewelry\/pl\/wp-json\/wp\/v2\/product_tag?post=42912"}],"curies":[{"name":"wp","href":"https:\/\/api.w.org\/{rel}","templated":true}]}}