{"id":42903,"date":"2025-06-18T11:03:13","date_gmt":"2025-06-18T11:03:13","guid":{"rendered":"https:\/\/zl.jewelry\/product\/studs-moonlight-with-stone\/"},"modified":"2026-01-12T09:49:45","modified_gmt":"2026-01-12T09:49:45","slug":"studs-moonlight-with-stone","status":"publish","type":"product","link":"https:\/\/zl.jewelry\/pl\/product\/studs-moonlight-with-stone\/","title":{"rendered":"Poussettes \u201eMoonlight Shine\u201d z kamieniem"},"content":{"rendered":"<p><span style=\"background-color: #ffffff; color: #1d2129; font-family: segoe ui historic,segoe ui,helvetica,arial,sans-serif; font-size: 14px;\">Z\u0142ote kolczyki go\u017adziki, kt\u00f3rych przednia cz\u0119\u015b\u0107 wykonana jest w formie serduszek, stworzone s\u0105 wy\u0142\u0105cznie do u\u017cytku codziennego. Wynika to z niewielkich rozmiar\u00f3w, bardzo zgrabnie prezentuj\u0105cych si\u0119 na p\u0142atku ucha. R\u00f3wnie\u017c \u201cgo\u017adzik\u201d zapi\u0119cie bezpiecznie mocuje akcesorium na uszach. Ca\u0142a konstplkcja, w tym zapi\u0119cie, zosta\u0142a stworzona z my\u015bl\u0105 o maksymalnym komforcie noszenia. <\/span><\/p>\n<p><span style=\"background-color: #ffffff; color: #1d2129; font-family: segoe ui historic,segoe ui,helvetica,arial,sans-serif; font-size: 14px;\">Codzienny wygl\u0105d. I rzeczywi\u015bcie, bi\u017cuteria b\u0119dzie odpowiednia do garnitur\u00f3w biznesowych, z romantycznymi obrazami, z prostszymi strojami podczas zakup\u00f3w, a nawet z odzie\u017c\u0105 sportow\u0105 nie b\u0119dzie si\u0119 wyr\u00f3\u017cnia\u0107. Kolczyki dodaj\u0105 delikatno\u015bci i kobieco\u015bci ka\u017cdej stylizacji.<\/span><\/p>\n<p><span style=\"background-color: #ffffff; color: #1d2129; font-family: segoe ui historic,segoe ui,helvetica,arial,sans-serif; font-size: 14px;\">Kolczyki Poussette z czerwonego z\u0142ota, o wadze 2,08 grama. Kamienie o \u015brednicy 5 mm, dowolne kamienie mog\u0105 by\u0107 osadzone zgodnie z \u017cyczeniem klienta.<\/span><\/p>\n","protected":false},"excerpt":{"rendered":"<p>Z\u0142ote kolczyki go\u017adziki, kt\u00f3rych przednia cz\u0119\u015b\u0107 wykonana jest w formie serduszek, stworzone s\u0105 wy\u0142\u0105cznie do u\u017cytku codziennego. Wynika to z niewielkich rozmiar\u00f3w, bardzo zgrabnie prezentuj\u0105cych si\u0119 na p\u0142atku ucha. R\u00f3wnie\u017c \u201cgo\u017adzik\u201d zapi\u0119cie bezpiecznie mocuje akcesorium na uszach. Ca\u0142a konstplkcja, w tym zapi\u0119cie, zosta\u0142a stworzona z my\u015bl\u0105 o maksymalnym komforcie noszenia. Codzienny wygl\u0105d. I rzeczywi\u015bcie, bi\u017cuteria&#8230;<\/p>\n","protected":false},"featured_media":42280,"template":"","meta":{"_acf_changed":false},"product_brand":[],"product_cat":[538,545,546,548,549,550],"product_tag":[],"class_list":{"0":"post-42903","1":"product","2":"type-product","3":"status-publish","4":"has-post-thumbnail","6":"product_cat-gold-earrings-pl","7":"product_cat-earrings-up-to-5g-pl","8":"product_cat-earrings-with-diamonds-pl","9":"product_cat-earrings-with-stones-pl","10":"product_cat-studs-pl","11":"product_cat-with-cubic-zirkonia-pl","13":"first","14":"instock","15":"product-type-simple"},"acf":[],"_links":{"self":[{"href":"https:\/\/zl.jewelry\/pl\/wp-json\/wp\/v2\/product\/42903","targetHints":{"allow":["GET"]}}],"collection":[{"href":"https:\/\/zl.jewelry\/pl\/wp-json\/wp\/v2\/product"}],"about":[{"href":"https:\/\/zl.jewelry\/pl\/wp-json\/wp\/v2\/types\/product"}],"wp:featuredmedia":[{"embeddable":true,"href":"https:\/\/zl.jewelry\/pl\/wp-json\/wp\/v2\/media\/42280"}],"wp:attachment":[{"href":"https:\/\/zl.jewelry\/pl\/wp-json\/wp\/v2\/media?parent=42903"}],"wp:term":[{"taxonomy":"product_brand","embeddable":true,"href":"https:\/\/zl.jewelry\/pl\/wp-json\/wp\/v2\/product_brand?post=42903"},{"taxonomy":"product_cat","embeddable":true,"href":"https:\/\/zl.jewelry\/pl\/wp-json\/wp\/v2\/product_cat?post=42903"},{"taxonomy":"product_tag","embeddable":true,"href":"https:\/\/zl.jewelry\/pl\/wp-json\/wp\/v2\/product_tag?post=42903"}],"curies":[{"name":"wp","href":"https:\/\/api.w.org\/{rel}","templated":true}]}}