{"id":42900,"date":"2025-06-18T11:03:13","date_gmt":"2025-06-18T11:03:13","guid":{"rendered":"https:\/\/zl.jewelry\/product\/necklace-anchor-with-infinity\/"},"modified":"2025-11-15T13:17:59","modified_gmt":"2025-11-15T13:17:59","slug":"necklace-anchor-with-infinity","status":"publish","type":"product","link":"https:\/\/zl.jewelry\/pl\/product\/necklace-anchor-with-infinity\/","title":{"rendered":"Kolia &#8222;Anchor&#8221; z niesko\u0144czono\u015bci\u0105"},"content":{"rendered":"","protected":false},"excerpt":{"rendered":"","protected":false},"featured_media":42274,"template":"","meta":{"_acf_changed":false},"product_brand":[],"product_cat":[573,552,571],"product_tag":[],"class_list":{"0":"post-42900","1":"product","2":"type-product","3":"status-publish","4":"has-post-thumbnail","6":"product_cat-without-inserts-3-pl","7":"product_cat-jewelry-for-sailors-pl","8":"product_cat-exclusive-necklaces-pl","10":"first","11":"instock","12":"product-type-simple"},"acf":[],"_links":{"self":[{"href":"https:\/\/zl.jewelry\/pl\/wp-json\/wp\/v2\/product\/42900","targetHints":{"allow":["GET"]}}],"collection":[{"href":"https:\/\/zl.jewelry\/pl\/wp-json\/wp\/v2\/product"}],"about":[{"href":"https:\/\/zl.jewelry\/pl\/wp-json\/wp\/v2\/types\/product"}],"wp:featuredmedia":[{"embeddable":true,"href":"https:\/\/zl.jewelry\/pl\/wp-json\/wp\/v2\/media\/42274"}],"wp:attachment":[{"href":"https:\/\/zl.jewelry\/pl\/wp-json\/wp\/v2\/media?parent=42900"}],"wp:term":[{"taxonomy":"product_brand","embeddable":true,"href":"https:\/\/zl.jewelry\/pl\/wp-json\/wp\/v2\/product_brand?post=42900"},{"taxonomy":"product_cat","embeddable":true,"href":"https:\/\/zl.jewelry\/pl\/wp-json\/wp\/v2\/product_cat?post=42900"},{"taxonomy":"product_tag","embeddable":true,"href":"https:\/\/zl.jewelry\/pl\/wp-json\/wp\/v2\/product_tag?post=42900"}],"curies":[{"name":"wp","href":"https:\/\/api.w.org\/{rel}","templated":true}]}}