{"id":42884,"date":"2025-06-18T11:03:18","date_gmt":"2025-06-18T11:03:18","guid":{"rendered":"https:\/\/zl.jewelry\/product\/earrings-spark-with-a-spinning-stone\/"},"modified":"2025-11-14T14:46:37","modified_gmt":"2025-11-14T14:46:37","slug":"earrings-spark-with-a-spinning-stone","status":"publish","type":"product","link":"https:\/\/zl.jewelry\/pl\/product\/earrings-spark-with-a-spinning-stone\/","title":{"rendered":"Kolczyki \u201eSpark\u201d z kamieniem obrotowym"},"content":{"rendered":"<p><span style=\"background-color: #ffffff; color: #1d2129; font-family: segoe ui historic,segoe ui,helvetica,arial,sans-serif; font-size: 14px;\">Z\u0142ote kolczyki to jedna z g\u0142\u00f3wnych i najwa\u017cniejszych bi\u017cuterii ka\u017cdej kobiety. Jest to idealny prezent dla ukochanej osoby, a g\u0142\u00f3wnym powodem, dla kt\u00f3rego warto podarowa\u0107 tak oryginaln\u0105 bi\u017cuteri\u0119, jest znalezienie dla niej powodu. <\/span><\/p>\n<p><span style=\"background-color: #ffffff; color: #1d2129; font-family: segoe ui historic,segoe ui,helvetica,arial,sans-serif; font-size: 14px;\">\u041a\u043b\u0430\u0441\u0441\u0438\u0447\u0435\u0441\u043a\u0438\u0435 \u0438\u00a0<\/span><span style=\"background-color: #ffffff; color: #1d2129; font-family: segoe ui historic,segoe ui,helvetica,arial,sans-serif; font-size: 14px;\">Eleganckie modele kolczyk\u00f3w s\u0105 doskonale zestawione z ultranowoczesnymi i fantazyjnymi modelami, a wyobra\u017ania rzemie\u015blnik\u00f3w i jubiler\u00f3w jest niesamowita.<\/span><\/p>\n<p><span style=\"background-color: #ffffff; color: #1d2129; font-family: segoe ui historic,segoe ui,helvetica,arial,sans-serif; font-size: 14px;\">\u00a0Kolczyki z czerwonego z\u0142ota pr\u00f3by 585*. o wadze 1,92 grama. Wstawki z bezbarwnych fianit\u00f3w (istnieje mo\u017cliwo\u015b\u0107 wybopl\u00a0kamieni na \u017cyczenie klienta)<\/span><\/p>\n","protected":false},"excerpt":{"rendered":"<p>Z\u0142ote kolczyki to jedna z g\u0142\u00f3wnych i najwa\u017cniejszych bi\u017cuterii ka\u017cdej kobiety. Jest to idealny prezent dla ukochanej osoby, a g\u0142\u00f3wnym powodem, dla kt\u00f3rego warto podarowa\u0107 tak oryginaln\u0105 bi\u017cuteri\u0119, jest znalezienie dla niej powodu. \u041a\u043b\u0430\u0441\u0441\u0438\u0447\u0435\u0441\u043a\u0438\u0435 \u0438\u00a0Eleganckie modele kolczyk\u00f3w s\u0105 doskonale zestawione z ultranowoczesnymi i fantazyjnymi modelami, a wyobra\u017ania rzemie\u015blnik\u00f3w i jubiler\u00f3w jest niesamowita. \u00a0Kolczyki z czerwonego&#8230;<\/p>\n","protected":false},"featured_media":42242,"template":"","meta":{"_acf_changed":false},"product_brand":[],"product_cat":[538,545,546,548,550],"product_tag":[],"class_list":{"0":"post-42884","1":"product","2":"type-product","3":"status-publish","4":"has-post-thumbnail","6":"product_cat-gold-earrings-pl","7":"product_cat-earrings-up-to-5g-pl","8":"product_cat-earrings-with-diamonds-pl","9":"product_cat-earrings-with-stones-pl","10":"product_cat-with-cubic-zirkonia-pl","12":"first","13":"instock","14":"product-type-simple"},"acf":[],"_links":{"self":[{"href":"https:\/\/zl.jewelry\/pl\/wp-json\/wp\/v2\/product\/42884","targetHints":{"allow":["GET"]}}],"collection":[{"href":"https:\/\/zl.jewelry\/pl\/wp-json\/wp\/v2\/product"}],"about":[{"href":"https:\/\/zl.jewelry\/pl\/wp-json\/wp\/v2\/types\/product"}],"wp:featuredmedia":[{"embeddable":true,"href":"https:\/\/zl.jewelry\/pl\/wp-json\/wp\/v2\/media\/42242"}],"wp:attachment":[{"href":"https:\/\/zl.jewelry\/pl\/wp-json\/wp\/v2\/media?parent=42884"}],"wp:term":[{"taxonomy":"product_brand","embeddable":true,"href":"https:\/\/zl.jewelry\/pl\/wp-json\/wp\/v2\/product_brand?post=42884"},{"taxonomy":"product_cat","embeddable":true,"href":"https:\/\/zl.jewelry\/pl\/wp-json\/wp\/v2\/product_cat?post=42884"},{"taxonomy":"product_tag","embeddable":true,"href":"https:\/\/zl.jewelry\/pl\/wp-json\/wp\/v2\/product_tag?post=42884"}],"curies":[{"name":"wp","href":"https:\/\/api.w.org\/{rel}","templated":true}]}}