{"id":42879,"date":"2025-06-18T11:03:18","date_gmt":"2025-06-18T11:03:18","guid":{"rendered":"https:\/\/zl.jewelry\/product\/bracelet-combo\/"},"modified":"2025-11-14T13:51:15","modified_gmt":"2025-11-14T13:51:15","slug":"bracelet-combo","status":"publish","type":"product","link":"https:\/\/zl.jewelry\/pl\/product\/bracelet-combo\/","title":{"rendered":"Bransoletka &#8222;Combo&#8221;"},"content":{"rendered":"<section class=\"l-section wpb_row height_small\"><div class=\"l-section-h i-cf\"><div class=\"g-cols vc_row via_flex valign_top type_default stacking_default\"><div class=\"vc_col-sm-12 wpb_column vc_column_container\"><div class=\"vc_column-inner\"><div class=\"wpb_wrapper\"><div class=\"wpb_text_column\"><div class=\"wpb_wrapper\"><p>Bransoletka w po\u0142\u0105czeniu kolor\u00f3w z\u0142ota: czerwonego i bia\u0142ego. Czerwone ogniwa s\u0105 g\u0142adkie i z wzorem, bia\u0142e ogniwa z wstawkami z kamieni (mo\u017cna osadzi\u0107 dowolne, na \u017cyczenie klienta), \u015brednica 1,5mm. Przy rozmiarze 18 waga z\u0142ota w bransoletce wynosi 36 gram\u00f3w. Waga r\u00f3\u017cni si\u0119 w zale\u017cno\u015bci od rozmiaru.\u00a0 Bia\u0142e rodowane ogniwa.<\/p>\n<div id=\"gtx-trans\" style=\"position: absolute; left: -7px; top: 79.2396px;\">\n<div class=\"gtx-trans-icon\"><\/div>\n<\/div>\n<\/div><\/div><\/div><\/div><\/div><\/div><\/div><\/section>\n","protected":false},"excerpt":{"rendered":"Bransoletka w po\u0142\u0105czeniu kolor\u00f3w z\u0142ota: czerwonego i bia\u0142ego. Czerwone ogniwa s\u0105 g\u0142adkie i z wzorem, bia\u0142e ogniwa z wstawkami z kamieni (mo\u017cna osadzi\u0107 dowolne, na \u017cyczenie klienta), \u015brednica 1,5mm. Przy rozmiarze 18 waga z\u0142ota w bransoletce wynosi 36 gram\u00f3w. Waga r\u00f3\u017cni si\u0119 w zale\u017cno\u015bci od rozmiaru.\u00a0 Bia\u0142e rodowane ogniwa.","protected":false},"featured_media":42232,"template":"","meta":{"_acf_changed":false},"product_brand":[],"product_cat":[557,559],"product_tag":[],"class_list":{"0":"post-42879","1":"product","2":"type-product","3":"status-publish","4":"has-post-thumbnail","6":"product_cat-bracelets-pl","7":"product_cat-gold-bracelets-from-30-gr-pl","9":"first","10":"instock","11":"product-type-simple"},"acf":[],"_links":{"self":[{"href":"https:\/\/zl.jewelry\/pl\/wp-json\/wp\/v2\/product\/42879","targetHints":{"allow":["GET"]}}],"collection":[{"href":"https:\/\/zl.jewelry\/pl\/wp-json\/wp\/v2\/product"}],"about":[{"href":"https:\/\/zl.jewelry\/pl\/wp-json\/wp\/v2\/types\/product"}],"wp:featuredmedia":[{"embeddable":true,"href":"https:\/\/zl.jewelry\/pl\/wp-json\/wp\/v2\/media\/42232"}],"wp:attachment":[{"href":"https:\/\/zl.jewelry\/pl\/wp-json\/wp\/v2\/media?parent=42879"}],"wp:term":[{"taxonomy":"product_brand","embeddable":true,"href":"https:\/\/zl.jewelry\/pl\/wp-json\/wp\/v2\/product_brand?post=42879"},{"taxonomy":"product_cat","embeddable":true,"href":"https:\/\/zl.jewelry\/pl\/wp-json\/wp\/v2\/product_cat?post=42879"},{"taxonomy":"product_tag","embeddable":true,"href":"https:\/\/zl.jewelry\/pl\/wp-json\/wp\/v2\/product_tag?post=42879"}],"curies":[{"name":"wp","href":"https:\/\/api.w.org\/{rel}","templated":true}]}}