{"id":42878,"date":"2025-06-18T11:03:18","date_gmt":"2025-06-18T11:03:18","guid":{"rendered":"https:\/\/zl.jewelry\/product\/signet-secret-meanings\/"},"modified":"2025-11-14T13:45:26","modified_gmt":"2025-11-14T13:45:26","slug":"signet-secret-meanings","status":"publish","type":"product","link":"https:\/\/zl.jewelry\/pl\/product\/signet-secret-meanings\/","title":{"rendered":"Sygnet &#8222;Sekretne znaczenia&#8221;"},"content":{"rendered":"<p>Pier\u015bcionek z czerwonego z\u0142ota, waga mo\u017ce si\u0119 r\u00f3\u017cni\u0107 w zale\u017cno\u015bci od rozmiapl. Na \u015brodku znajduj\u0105 si\u0119 symbole, zgodnie z \u017cyczeniem klienta. Po jednej stronie znajduje si\u0119 liczba 35, po dplgiej napis &#8222;Tribal&#8221;, szeroko\u015b\u0107 g\u00f3rnej cz\u0119\u015bci wynosi oko\u0142o 12 mm. Wewn\u0105trz obr\u0105czki wymodelowany jest napis, zgodnie z \u017cyczeniem klienta..<\/p>\n","protected":false},"excerpt":{"rendered":"<p>Pier\u015bcionek z czerwonego z\u0142ota, waga mo\u017ce si\u0119 r\u00f3\u017cni\u0107 w zale\u017cno\u015bci od rozmiapl. Na \u015brodku znajduj\u0105 si\u0119 symbole, zgodnie z \u017cyczeniem klienta. Po jednej stronie znajduje si\u0119 liczba 35, po dplgiej napis &#8222;Tribal&#8221;, szeroko\u015b\u0107 g\u00f3rnej cz\u0119\u015bci wynosi oko\u0142o 12 mm. Wewn\u0105trz obr\u0105czki wymodelowany jest napis, zgodnie z \u017cyczeniem klienta..<\/p>\n","protected":false},"featured_media":42230,"template":"","meta":{"_acf_changed":false},"product_brand":[],"product_cat":[517],"product_tag":[],"class_list":{"0":"post-42878","1":"product","2":"type-product","3":"status-publish","4":"has-post-thumbnail","6":"product_cat-mens-rings-and-seals-pl","8":"first","9":"instock","10":"product-type-simple"},"acf":[],"_links":{"self":[{"href":"https:\/\/zl.jewelry\/pl\/wp-json\/wp\/v2\/product\/42878","targetHints":{"allow":["GET"]}}],"collection":[{"href":"https:\/\/zl.jewelry\/pl\/wp-json\/wp\/v2\/product"}],"about":[{"href":"https:\/\/zl.jewelry\/pl\/wp-json\/wp\/v2\/types\/product"}],"wp:featuredmedia":[{"embeddable":true,"href":"https:\/\/zl.jewelry\/pl\/wp-json\/wp\/v2\/media\/42230"}],"wp:attachment":[{"href":"https:\/\/zl.jewelry\/pl\/wp-json\/wp\/v2\/media?parent=42878"}],"wp:term":[{"taxonomy":"product_brand","embeddable":true,"href":"https:\/\/zl.jewelry\/pl\/wp-json\/wp\/v2\/product_brand?post=42878"},{"taxonomy":"product_cat","embeddable":true,"href":"https:\/\/zl.jewelry\/pl\/wp-json\/wp\/v2\/product_cat?post=42878"},{"taxonomy":"product_tag","embeddable":true,"href":"https:\/\/zl.jewelry\/pl\/wp-json\/wp\/v2\/product_tag?post=42878"}],"curies":[{"name":"wp","href":"https:\/\/api.w.org\/{rel}","templated":true}]}}