{"id":42876,"date":"2025-06-18T11:03:18","date_gmt":"2025-06-18T11:03:18","guid":{"rendered":"https:\/\/zl.jewelry\/product\/studs-stefania-with-grenades\/"},"modified":"2025-11-14T13:25:41","modified_gmt":"2025-11-14T13:25:41","slug":"studs-stefania-with-grenades","status":"publish","type":"product","link":"https:\/\/zl.jewelry\/pl\/product\/studs-stefania-with-grenades\/","title":{"rendered":"Poussettes &#8222;Stephanie&#8221; z granatami"},"content":{"rendered":"<section class=\"l-section wpb_row height_small\"><div class=\"l-section-h i-cf\"><div class=\"g-cols vc_row via_flex valign_top type_default stacking_default\"><div class=\"vc_col-sm-12 wpb_column vc_column_container\"><div class=\"vc_column-inner\"><div class=\"wpb_wrapper\"><div class=\"wpb_text_column\"><div class=\"wpb_wrapper\"><p><span style=\"background-color: #ffffff; color: #1d2129; font-family: segoe ui historic,segoe ui,helvetica,arial,sans-serif; font-size: 14px;\">Skr\u0119ty z czerwonego z\u0142ota pr\u00f3by 585 to stylowa, nowoczesna i lakoniczna bi\u017cuteria. Surowy design bi\u017cuterii sprawia, \u017ce jest ona idealnym dodatkiem do stroj\u00f3w w ka\u017cdym stylu. Element b\u0119dzie dobrym wyborem dla dziewczyn, kt\u00f3re pod\u0105\u017caj\u0105 za trendami mody i staraj\u0105 si\u0119 by\u0107 w centplm uwagi.<\/span><\/p>\n<p>&nbsp;<\/p>\n<div id=\"gtx-trans\" style=\"position: absolute; left: -4px; top: 55.2292px;\">\n<div class=\"gtx-trans-icon\"><\/div>\n<\/div>\n<\/div><\/div><\/div><\/div><\/div><\/div><\/div><\/section>\n","protected":false},"excerpt":{"rendered":"Skr\u0119ty z czerwonego z\u0142ota pr\u00f3by 585 to stylowa, nowoczesna i lakoniczna bi\u017cuteria. Surowy design bi\u017cuterii sprawia, \u017ce jest ona idealnym dodatkiem do stroj\u00f3w w ka\u017cdym stylu. Element b\u0119dzie dobrym wyborem dla dziewczyn, kt\u00f3re pod\u0105\u017caj\u0105 za trendami mody i staraj\u0105 si\u0119 by\u0107 w centplm uwagi. &nbsp;","protected":false},"featured_media":42226,"template":"","meta":{"_acf_changed":false},"product_brand":[],"product_cat":[538,545,546,548,549,550],"product_tag":[],"class_list":{"0":"post-42876","1":"product","2":"type-product","3":"status-publish","4":"has-post-thumbnail","6":"product_cat-gold-earrings-pl","7":"product_cat-earrings-up-to-5g-pl","8":"product_cat-earrings-with-diamonds-pl","9":"product_cat-earrings-with-stones-pl","10":"product_cat-studs-pl","11":"product_cat-with-cubic-zirkonia-pl","13":"first","14":"instock","15":"product-type-simple"},"acf":[],"_links":{"self":[{"href":"https:\/\/zl.jewelry\/pl\/wp-json\/wp\/v2\/product\/42876","targetHints":{"allow":["GET"]}}],"collection":[{"href":"https:\/\/zl.jewelry\/pl\/wp-json\/wp\/v2\/product"}],"about":[{"href":"https:\/\/zl.jewelry\/pl\/wp-json\/wp\/v2\/types\/product"}],"wp:featuredmedia":[{"embeddable":true,"href":"https:\/\/zl.jewelry\/pl\/wp-json\/wp\/v2\/media\/42226"}],"wp:attachment":[{"href":"https:\/\/zl.jewelry\/pl\/wp-json\/wp\/v2\/media?parent=42876"}],"wp:term":[{"taxonomy":"product_brand","embeddable":true,"href":"https:\/\/zl.jewelry\/pl\/wp-json\/wp\/v2\/product_brand?post=42876"},{"taxonomy":"product_cat","embeddable":true,"href":"https:\/\/zl.jewelry\/pl\/wp-json\/wp\/v2\/product_cat?post=42876"},{"taxonomy":"product_tag","embeddable":true,"href":"https:\/\/zl.jewelry\/pl\/wp-json\/wp\/v2\/product_tag?post=42876"}],"curies":[{"name":"wp","href":"https:\/\/api.w.org\/{rel}","templated":true}]}}