{"id":42867,"date":"2025-06-18T11:03:25","date_gmt":"2025-06-18T11:03:25","guid":{"rendered":"https:\/\/zl.jewelry\/product\/butterfly-pin\/"},"modified":"2025-11-14T12:57:22","modified_gmt":"2025-11-14T12:57:22","slug":"butterfly-pin","status":"publish","type":"product","link":"https:\/\/zl.jewelry\/pl\/product\/butterfly-pin\/","title":{"rendered":"Przypinka &#8222;\u041cotyl&#8221;"},"content":{"rendered":"<section class=\"l-section wpb_row height_small\"><div class=\"l-section-h i-cf\"><div class=\"g-cols vc_row via_flex valign_top type_default stacking_default\"><div class=\"vc_col-sm-12 wpb_column vc_column_container\"><div class=\"vc_column-inner\"><div class=\"wpb_wrapper\"><div class=\"wpb_text_column\"><div class=\"wpb_wrapper\"><p><span style=\"background-color: #ffffff; color: #1d2129; font-family: segoe ui historic,segoe ui,helvetica,arial,sans-serif; font-size: 14px;\">Co mo\u017ce by\u0107 bardziej eleganckiego ni\u017c z\u0142ota spinka? Wraz z trendami w modzie, niekt\u00f3rzy ludzie zacz\u0119li u\u017cywa\u0107 bi\u017cuterii jako modnego dodatku do stylizacji. Szpilki mo\u017cna z \u0142atwo\u015bci\u0105 wykorzysta\u0107 do spi\u0119cia ko\u0144c\u00f3w szalika lub zapi\u0119cia swetra. Wygl\u0105daj\u0105 r\u00f3wnie\u017c interesuj\u0105co jako osobny element bi\u017cuterii.<\/span><\/p>\n<p><span style=\"background-color: #ffffff; color: #1d2129; font-family: segoe ui historic,segoe ui,helvetica,arial,sans-serif; font-size: 14px;\">Odrobina wyobra\u017ani i wszystko zamienia si\u0119 w stylowy i modny przedmiot.<\/span><\/p>\n<p>&nbsp;<\/p>\n<div id=\"gtx-trans\" style=\"position: absolute; left: -3px; top: 55.2292px;\">\n<div class=\"gtx-trans-icon\"><\/div>\n<\/div>\n<\/div><\/div><\/div><\/div><\/div><\/div><\/div><\/section>\n","protected":false},"excerpt":{"rendered":"Co mo\u017ce by\u0107 bardziej eleganckiego ni\u017c z\u0142ota spinka? Wraz z trendami w modzie, niekt\u00f3rzy ludzie zacz\u0119li u\u017cywa\u0107 bi\u017cuterii jako modnego dodatku do stylizacji. Szpilki mo\u017cna z \u0142atwo\u015bci\u0105 wykorzysta\u0107 do spi\u0119cia ko\u0144c\u00f3w szalika lub zapi\u0119cia swetra. Wygl\u0105daj\u0105 r\u00f3wnie\u017c interesuj\u0105co jako osobny element bi\u017cuterii. Odrobina wyobra\u017ani i wszystko zamienia si\u0119 w stylowy i modny przedmiot. &nbsp;","protected":false},"featured_media":42204,"template":"","meta":{"_acf_changed":false},"product_brand":[],"product_cat":[576],"product_tag":[],"class_list":{"0":"post-42867","1":"product","2":"type-product","3":"status-publish","4":"has-post-thumbnail","6":"product_cat-other-pl","8":"first","9":"instock","10":"product-type-simple"},"acf":[],"_links":{"self":[{"href":"https:\/\/zl.jewelry\/pl\/wp-json\/wp\/v2\/product\/42867","targetHints":{"allow":["GET"]}}],"collection":[{"href":"https:\/\/zl.jewelry\/pl\/wp-json\/wp\/v2\/product"}],"about":[{"href":"https:\/\/zl.jewelry\/pl\/wp-json\/wp\/v2\/types\/product"}],"wp:featuredmedia":[{"embeddable":true,"href":"https:\/\/zl.jewelry\/pl\/wp-json\/wp\/v2\/media\/42204"}],"wp:attachment":[{"href":"https:\/\/zl.jewelry\/pl\/wp-json\/wp\/v2\/media?parent=42867"}],"wp:term":[{"taxonomy":"product_brand","embeddable":true,"href":"https:\/\/zl.jewelry\/pl\/wp-json\/wp\/v2\/product_brand?post=42867"},{"taxonomy":"product_cat","embeddable":true,"href":"https:\/\/zl.jewelry\/pl\/wp-json\/wp\/v2\/product_cat?post=42867"},{"taxonomy":"product_tag","embeddable":true,"href":"https:\/\/zl.jewelry\/pl\/wp-json\/wp\/v2\/product_tag?post=42867"}],"curies":[{"name":"wp","href":"https:\/\/api.w.org\/{rel}","templated":true}]}}