{"id":42850,"date":"2025-06-18T11:03:25","date_gmt":"2025-06-18T11:03:25","guid":{"rendered":"https:\/\/zl.jewelry\/product\/engagement-ring-with-initials\/"},"modified":"2025-11-14T09:27:04","modified_gmt":"2025-11-14T09:27:04","slug":"engagement-ring-with-initials","status":"publish","type":"product","link":"https:\/\/zl.jewelry\/pl\/product\/engagement-ring-with-initials\/","title":{"rendered":"Pier\u015bcionek zar\u0119czynowy z inicja\u0142ami"},"content":{"rendered":"","protected":false},"excerpt":{"rendered":"","protected":false},"featured_media":42164,"template":"","meta":{"_acf_changed":false},"product_brand":[],"product_cat":[523,524,527],"product_tag":[],"class_list":{"0":"post-42850","1":"product","2":"type-product","3":"status-publish","4":"has-post-thumbnail","6":"product_cat-engagement-rings-pl","7":"product_cat-engagement-rings-with-diamonds-pl","8":"product_cat-white-gold-engagement-rings-pl","10":"first","11":"instock","12":"product-type-simple"},"acf":[],"_links":{"self":[{"href":"https:\/\/zl.jewelry\/pl\/wp-json\/wp\/v2\/product\/42850","targetHints":{"allow":["GET"]}}],"collection":[{"href":"https:\/\/zl.jewelry\/pl\/wp-json\/wp\/v2\/product"}],"about":[{"href":"https:\/\/zl.jewelry\/pl\/wp-json\/wp\/v2\/types\/product"}],"wp:featuredmedia":[{"embeddable":true,"href":"https:\/\/zl.jewelry\/pl\/wp-json\/wp\/v2\/media\/42164"}],"wp:attachment":[{"href":"https:\/\/zl.jewelry\/pl\/wp-json\/wp\/v2\/media?parent=42850"}],"wp:term":[{"taxonomy":"product_brand","embeddable":true,"href":"https:\/\/zl.jewelry\/pl\/wp-json\/wp\/v2\/product_brand?post=42850"},{"taxonomy":"product_cat","embeddable":true,"href":"https:\/\/zl.jewelry\/pl\/wp-json\/wp\/v2\/product_cat?post=42850"},{"taxonomy":"product_tag","embeddable":true,"href":"https:\/\/zl.jewelry\/pl\/wp-json\/wp\/v2\/product_tag?post=42850"}],"curies":[{"name":"wp","href":"https:\/\/api.w.org\/{rel}","templated":true}]}}