{"id":42843,"date":"2025-06-18T11:03:31","date_gmt":"2025-06-18T11:03:31","guid":{"rendered":"https:\/\/zl.jewelry\/product\/ring-modern-in-white-gold-with-sapphire\/"},"modified":"2025-11-13T16:37:56","modified_gmt":"2025-11-13T16:37:56","slug":"ring-modern-in-white-gold-with-sapphire","status":"publish","type":"product","link":"https:\/\/zl.jewelry\/pl\/product\/ring-modern-in-white-gold-with-sapphire\/","title":{"rendered":"Pier\u015bcionek  &#8222;Nowoczesny&#8221; z bia\u0142ego z\u0142ota z szafirem"},"content":{"rendered":"","protected":false},"excerpt":{"rendered":"","protected":false},"featured_media":42150,"template":"","meta":{"_acf_changed":false},"product_brand":[],"product_cat":[523,527],"product_tag":[],"class_list":{"0":"post-42843","1":"product","2":"type-product","3":"status-publish","4":"has-post-thumbnail","6":"product_cat-engagement-rings-pl","7":"product_cat-white-gold-engagement-rings-pl","9":"first","10":"instock","11":"product-type-simple"},"acf":[],"_links":{"self":[{"href":"https:\/\/zl.jewelry\/pl\/wp-json\/wp\/v2\/product\/42843","targetHints":{"allow":["GET"]}}],"collection":[{"href":"https:\/\/zl.jewelry\/pl\/wp-json\/wp\/v2\/product"}],"about":[{"href":"https:\/\/zl.jewelry\/pl\/wp-json\/wp\/v2\/types\/product"}],"wp:featuredmedia":[{"embeddable":true,"href":"https:\/\/zl.jewelry\/pl\/wp-json\/wp\/v2\/media\/42150"}],"wp:attachment":[{"href":"https:\/\/zl.jewelry\/pl\/wp-json\/wp\/v2\/media?parent=42843"}],"wp:term":[{"taxonomy":"product_brand","embeddable":true,"href":"https:\/\/zl.jewelry\/pl\/wp-json\/wp\/v2\/product_brand?post=42843"},{"taxonomy":"product_cat","embeddable":true,"href":"https:\/\/zl.jewelry\/pl\/wp-json\/wp\/v2\/product_cat?post=42843"},{"taxonomy":"product_tag","embeddable":true,"href":"https:\/\/zl.jewelry\/pl\/wp-json\/wp\/v2\/product_tag?post=42843"}],"curies":[{"name":"wp","href":"https:\/\/api.w.org\/{rel}","templated":true}]}}