{"id":42837,"date":"2025-06-18T11:03:31","date_gmt":"2025-06-18T11:03:31","guid":{"rendered":"https:\/\/zl.jewelry\/product\/signet-muslim-with-a-mosque\/"},"modified":"2025-11-13T15:37:42","modified_gmt":"2025-11-13T15:37:42","slug":"signet-muslim-with-a-mosque","status":"publish","type":"product","link":"https:\/\/zl.jewelry\/pl\/product\/signet-muslim-with-a-mosque\/","title":{"rendered":"&#8222;Muzu\u0142ma\u0144ski&#8221; pier\u015bcionek z meczetem"},"content":{"rendered":"<section class=\"l-section wpb_row height_small\"><div class=\"l-section-h i-cf\"><div class=\"g-cols vc_row via_flex valign_top type_default stacking_default\"><div class=\"vc_col-sm-12 wpb_column vc_column_container\"><div class=\"vc_column-inner\"><div class=\"wpb_wrapper\"><div class=\"wpb_text_column\"><div class=\"wpb_wrapper\"><p><span style=\"font-family: georgia,serif;\"><span style=\"background-color: #ffffff; color: #1d2129; font-size: 14px;\">Kiedy wybieramy prezenty dla naszych drogich i bliskich os\u00f3b, wk\u0142adamy w ten proces ca\u0142\u0105 czu\u0142o\u015b\u0107 i mi\u0142o\u015b\u0107. <\/span><\/span><span style=\"font-family: georgia,serif;\"><span style=\"background-color: #ffffff; color: #1d2129; font-size: 14px;\">Muzu\u0142ma\u0144skie pier\u015bcionki dla m\u0119\u017cczyzn to specjalny rodzaj bi\u017cuterii dla silniejszej po\u0142owy populacji. Wi\u0119kszo\u015b\u0107 m\u0119\u017cczyzn \u2013 muzu\u0142man\u00f3w lubi ozdabia\u0107 swoje palce pier\u015bcionkami, <\/span><span style=\"background-color: #ffffff; color: #1d2129; font-size: 14px;\">&#8230;Muzu\u0142ma\u0144skie pier\u015bcionki wykonane ze z\u0142ota nie s\u0105 zabronione dla wyznawc\u00f3w namazu, wr\u0119cz przeciwnie, jest to mile widziane, poniewa\u017c taki pier\u015bcie\u0144 ochroni przed z\u0142em. Wykwintny model z wizeplnkiem meczetu ze szmaragdem w centplm gwiazdy i otoczony b\u0142yszcz\u0105cymi diamentami to nie tylko ekskluzywna bi\u017cuteria, ale pami\u0119\u0107 o ojczy\u017anie, zwyczajach i odwiecznych warto\u015bciach &#8230;\u00a0<\/span><\/span><\/p>\n<div id=\"gtx-trans\" style=\"position: absolute; left: -11px; top: 31.2188px;\">\n<div class=\"gtx-trans-icon\"><\/div>\n<\/div>\n<\/div><\/div><\/div><\/div><\/div><\/div><\/div><\/section>\n","protected":false},"excerpt":{"rendered":"Kiedy wybieramy prezenty dla naszych drogich i bliskich os\u00f3b, wk\u0142adamy w ten proces ca\u0142\u0105 czu\u0142o\u015b\u0107 i mi\u0142o\u015b\u0107. Muzu\u0142ma\u0144skie pier\u015bcionki dla m\u0119\u017cczyzn to specjalny rodzaj bi\u017cuterii dla silniejszej po\u0142owy populacji. Wi\u0119kszo\u015b\u0107 m\u0119\u017cczyzn \u2013 muzu\u0142man\u00f3w lubi ozdabia\u0107 swoje palce pier\u015bcionkami, &#8230;Muzu\u0142ma\u0144skie pier\u015bcionki wykonane ze z\u0142ota nie s\u0105 zabronione dla wyznawc\u00f3w namazu, wr\u0119cz przeciwnie, jest to mile widziane,...","protected":false},"featured_media":42138,"template":"","meta":{"_acf_changed":false},"product_brand":[],"product_cat":[517,589],"product_tag":[],"class_list":{"0":"post-42837","1":"product","2":"type-product","3":"status-publish","4":"has-post-thumbnail","6":"product_cat-mens-rings-and-seals-pl","7":"product_cat-signet-rings-pl","9":"first","10":"instock","11":"product-type-simple"},"acf":[],"_links":{"self":[{"href":"https:\/\/zl.jewelry\/pl\/wp-json\/wp\/v2\/product\/42837","targetHints":{"allow":["GET"]}}],"collection":[{"href":"https:\/\/zl.jewelry\/pl\/wp-json\/wp\/v2\/product"}],"about":[{"href":"https:\/\/zl.jewelry\/pl\/wp-json\/wp\/v2\/types\/product"}],"wp:featuredmedia":[{"embeddable":true,"href":"https:\/\/zl.jewelry\/pl\/wp-json\/wp\/v2\/media\/42138"}],"wp:attachment":[{"href":"https:\/\/zl.jewelry\/pl\/wp-json\/wp\/v2\/media?parent=42837"}],"wp:term":[{"taxonomy":"product_brand","embeddable":true,"href":"https:\/\/zl.jewelry\/pl\/wp-json\/wp\/v2\/product_brand?post=42837"},{"taxonomy":"product_cat","embeddable":true,"href":"https:\/\/zl.jewelry\/pl\/wp-json\/wp\/v2\/product_cat?post=42837"},{"taxonomy":"product_tag","embeddable":true,"href":"https:\/\/zl.jewelry\/pl\/wp-json\/wp\/v2\/product_tag?post=42837"}],"curies":[{"name":"wp","href":"https:\/\/api.w.org\/{rel}","templated":true}]}}