{"id":42830,"date":"2025-06-18T11:03:31","date_gmt":"2025-06-18T11:03:31","guid":{"rendered":"https:\/\/zl.jewelry\/product\/studs-gloria-with-topaz\/"},"modified":"2025-11-03T12:49:09","modified_gmt":"2025-11-03T12:49:09","slug":"studs-gloria-with-topaz","status":"publish","type":"product","link":"https:\/\/zl.jewelry\/pl\/product\/studs-gloria-with-topaz\/","title":{"rendered":"Kolczyki \u201eGloria\u201d z topazem"},"content":{"rendered":"<p><span style=\"background-color: #ffffff; color: #1d2129; font-family: segoe ui historic,segoe ui,helvetica,arial,sans-serif; font-size: 14px;\">Twisty to stylowa, nowoczesna i zwi\u0119z\u0142a bi\u017cuteria.<\/span><\/p>\n<p><span style=\"background-color: #ffffff; color: #1d2129; font-family: segoe ui historic,segoe ui,helvetica,arial,sans-serif; font-size: 14px;\">Surowy design bi\u017cuterii sprawia, \u017ce jest ona idealnym dodatkiem do stroj\u00f3w w ka\u017cdym stylu.Produkt b\u0119dzie dobrym wyborem dla dziewczyn, kt\u00f3re pod\u0105\u017caj\u0105 za modowymi trendami i chc\u0105 by\u0107 w centplm uwagi.<\/span><\/p>\n","protected":false},"excerpt":{"rendered":"<p>Twisty to stylowa, nowoczesna i zwi\u0119z\u0142a bi\u017cuteria. Surowy design bi\u017cuterii sprawia, \u017ce jest ona idealnym dodatkiem do stroj\u00f3w w ka\u017cdym stylu.Produkt b\u0119dzie dobrym wyborem dla dziewczyn, kt\u00f3re pod\u0105\u017caj\u0105 za modowymi trendami i chc\u0105 by\u0107 w centplm uwagi.<\/p>\n","protected":false},"featured_media":42124,"template":"","meta":{"_acf_changed":false},"product_brand":[],"product_cat":[538,545,546,548,549,550],"product_tag":[],"class_list":{"0":"post-42830","1":"product","2":"type-product","3":"status-publish","4":"has-post-thumbnail","6":"product_cat-gold-earrings-pl","7":"product_cat-earrings-up-to-5g-pl","8":"product_cat-earrings-with-diamonds-pl","9":"product_cat-earrings-with-stones-pl","10":"product_cat-studs-pl","11":"product_cat-with-cubic-zirkonia-pl","13":"first","14":"instock","15":"product-type-simple"},"acf":[],"_links":{"self":[{"href":"https:\/\/zl.jewelry\/pl\/wp-json\/wp\/v2\/product\/42830","targetHints":{"allow":["GET"]}}],"collection":[{"href":"https:\/\/zl.jewelry\/pl\/wp-json\/wp\/v2\/product"}],"about":[{"href":"https:\/\/zl.jewelry\/pl\/wp-json\/wp\/v2\/types\/product"}],"wp:featuredmedia":[{"embeddable":true,"href":"https:\/\/zl.jewelry\/pl\/wp-json\/wp\/v2\/media\/42124"}],"wp:attachment":[{"href":"https:\/\/zl.jewelry\/pl\/wp-json\/wp\/v2\/media?parent=42830"}],"wp:term":[{"taxonomy":"product_brand","embeddable":true,"href":"https:\/\/zl.jewelry\/pl\/wp-json\/wp\/v2\/product_brand?post=42830"},{"taxonomy":"product_cat","embeddable":true,"href":"https:\/\/zl.jewelry\/pl\/wp-json\/wp\/v2\/product_cat?post=42830"},{"taxonomy":"product_tag","embeddable":true,"href":"https:\/\/zl.jewelry\/pl\/wp-json\/wp\/v2\/product_tag?post=42830"}],"curies":[{"name":"wp","href":"https:\/\/api.w.org\/{rel}","templated":true}]}}