{"id":42828,"date":"2025-06-18T11:03:37","date_gmt":"2025-06-18T11:03:37","guid":{"rendered":"https:\/\/zl.jewelry\/product\/earrings-stylish-classic-with-sapphires\/"},"modified":"2025-11-03T08:50:17","modified_gmt":"2025-11-03T08:50:17","slug":"earrings-stylish-classic-with-sapphires","status":"publish","type":"product","link":"https:\/\/zl.jewelry\/pl\/product\/earrings-stylish-classic-with-sapphires\/","title":{"rendered":"Kolczyki \u201eStylowa klasyka\u201d z szafirami"},"content":{"rendered":"<p><span style=\"background-color: #ffffff; color: #1d2129; font-family: segoe ui historic,segoe ui,helvetica,arial,sans-serif; font-size: 14px;\">Elegancja \u2014 to umiej\u0119tno\u015b\u0107 wybopl rzeczy, kt\u00f3re doskonale wsp\u00f3\u0142graj\u0105 z wygl\u0105dem i charakterem. Istniej\u0105 jednak przedmioty, kt\u00f3re s\u0105 eleganckie same w sobie. Na przyk\u0142ad drogocenne kolczyki z szafirami. <\/span><\/p>\n<p><span style=\"background-color: #ffffff; color: #1d2129; font-family: segoe ui historic,segoe ui,helvetica,arial,sans-serif; font-size: 14px;\">Potrafi\u0105 stworzy\u0107 stylizacj\u0119 i wytrzyma\u0107 w niej bez wzgl\u0119du na wybrany str\u00f3j.<\/span><br \/>\n<span style=\"background-color: #ffffff; color: #1d2129; font-family: segoe ui historic,segoe ui,helvetica,arial,sans-serif; font-size: 14px;\">Przez wieki cz\u0142onkowie monarchii i arystokracji wybierali szafirowe kolczyki jako swoj\u0105 ulubion\u0105 bi\u017cuteri\u0119 na specjalne okazje.<\/span><\/p>\n","protected":false},"excerpt":{"rendered":"<p>Elegancja \u2014 to umiej\u0119tno\u015b\u0107 wybopl rzeczy, kt\u00f3re doskonale wsp\u00f3\u0142graj\u0105 z wygl\u0105dem i charakterem. Istniej\u0105 jednak przedmioty, kt\u00f3re s\u0105 eleganckie same w sobie. Na przyk\u0142ad drogocenne kolczyki z szafirami. Potrafi\u0105 stworzy\u0107 stylizacj\u0119 i wytrzyma\u0107 w niej bez wzgl\u0119du na wybrany str\u00f3j. Przez wieki cz\u0142onkowie monarchii i arystokracji wybierali szafirowe kolczyki jako swoj\u0105 ulubion\u0105 bi\u017cuteri\u0119 na specjalne&#8230;<\/p>\n","protected":false},"featured_media":13925,"template":"","meta":{"_acf_changed":false},"product_brand":[],"product_cat":[538,545,548,550],"product_tag":[],"class_list":{"0":"post-42828","1":"product","2":"type-product","3":"status-publish","4":"has-post-thumbnail","6":"product_cat-gold-earrings-pl","7":"product_cat-earrings-up-to-5g-pl","8":"product_cat-earrings-with-stones-pl","9":"product_cat-with-cubic-zirkonia-pl","11":"first","12":"instock","13":"product-type-simple"},"acf":[],"_links":{"self":[{"href":"https:\/\/zl.jewelry\/pl\/wp-json\/wp\/v2\/product\/42828","targetHints":{"allow":["GET"]}}],"collection":[{"href":"https:\/\/zl.jewelry\/pl\/wp-json\/wp\/v2\/product"}],"about":[{"href":"https:\/\/zl.jewelry\/pl\/wp-json\/wp\/v2\/types\/product"}],"wp:featuredmedia":[{"embeddable":true,"href":"https:\/\/zl.jewelry\/pl\/wp-json\/wp\/v2\/media\/13925"}],"wp:attachment":[{"href":"https:\/\/zl.jewelry\/pl\/wp-json\/wp\/v2\/media?parent=42828"}],"wp:term":[{"taxonomy":"product_brand","embeddable":true,"href":"https:\/\/zl.jewelry\/pl\/wp-json\/wp\/v2\/product_brand?post=42828"},{"taxonomy":"product_cat","embeddable":true,"href":"https:\/\/zl.jewelry\/pl\/wp-json\/wp\/v2\/product_cat?post=42828"},{"taxonomy":"product_tag","embeddable":true,"href":"https:\/\/zl.jewelry\/pl\/wp-json\/wp\/v2\/product_tag?post=42828"}],"curies":[{"name":"wp","href":"https:\/\/api.w.org\/{rel}","templated":true}]}}