{"id":42820,"date":"2025-06-18T11:03:37","date_gmt":"2025-06-18T11:03:37","guid":{"rendered":"https:\/\/zl.jewelry\/product\/bracelet-family\/"},"modified":"2025-10-31T15:53:57","modified_gmt":"2025-10-31T15:53:57","slug":"bracelet-family","status":"publish","type":"product","link":"https:\/\/zl.jewelry\/pl\/product\/bracelet-family\/","title":{"rendered":"Bransoletka \u201eRodzinna&#8221;"},"content":{"rendered":"<p>Istnieje mo\u017cliwo\u015b\u0107 zmiany liczby zawieszek.<\/p>\n","protected":false},"excerpt":{"rendered":"<p>Istnieje mo\u017cliwo\u015b\u0107 zmiany liczby zawieszek.<\/p>\n","protected":false},"featured_media":13967,"template":"","meta":{"_acf_changed":false},"product_brand":[],"product_cat":[557,560],"product_tag":[],"class_list":{"0":"post-42820","1":"product","2":"type-product","3":"status-publish","4":"has-post-thumbnail","6":"product_cat-bracelets-pl","7":"product_cat-gold-bracelets-up-to-30-gr-pl","9":"first","10":"instock","11":"product-type-simple"},"acf":[],"_links":{"self":[{"href":"https:\/\/zl.jewelry\/pl\/wp-json\/wp\/v2\/product\/42820","targetHints":{"allow":["GET"]}}],"collection":[{"href":"https:\/\/zl.jewelry\/pl\/wp-json\/wp\/v2\/product"}],"about":[{"href":"https:\/\/zl.jewelry\/pl\/wp-json\/wp\/v2\/types\/product"}],"wp:featuredmedia":[{"embeddable":true,"href":"https:\/\/zl.jewelry\/pl\/wp-json\/wp\/v2\/media\/13967"}],"wp:attachment":[{"href":"https:\/\/zl.jewelry\/pl\/wp-json\/wp\/v2\/media?parent=42820"}],"wp:term":[{"taxonomy":"product_brand","embeddable":true,"href":"https:\/\/zl.jewelry\/pl\/wp-json\/wp\/v2\/product_brand?post=42820"},{"taxonomy":"product_cat","embeddable":true,"href":"https:\/\/zl.jewelry\/pl\/wp-json\/wp\/v2\/product_cat?post=42820"},{"taxonomy":"product_tag","embeddable":true,"href":"https:\/\/zl.jewelry\/pl\/wp-json\/wp\/v2\/product_tag?post=42820"}],"curies":[{"name":"wp","href":"https:\/\/api.w.org\/{rel}","templated":true}]}}