{"id":42817,"date":"2025-06-18T11:03:37","date_gmt":"2025-06-18T11:03:37","guid":{"rendered":"https:\/\/zl.jewelry\/product\/studs-pearl-tale\/"},"modified":"2025-11-03T10:56:37","modified_gmt":"2025-11-03T10:56:37","slug":"studs-pearl-tale","status":"publish","type":"product","link":"https:\/\/zl.jewelry\/pl\/product\/studs-pearl-tale\/","title":{"rendered":"Pusetki &#8222;Per\u0142owa bajka&#8221;"},"content":{"rendered":"<p>Kolczyki Poussette z czerwonego z\u0142ota z per\u0142ami. Waga z\u0142ota 2 gramy, wstawione kamienie, \u015brednica 1,75 mm. Istnieje mo\u017cliwo\u015b\u0107 osadzenia dowolnych kamieni na \u017cyczenie klienta.<\/p>\n","protected":false},"excerpt":{"rendered":"<p>Kolczyki Poussette z czerwonego z\u0142ota z per\u0142ami. Waga z\u0142ota 2 gramy, wstawione kamienie, \u015brednica 1,75 mm. Istnieje mo\u017cliwo\u015b\u0107 osadzenia dowolnych kamieni na \u017cyczenie klienta.<\/p>\n","protected":false},"featured_media":42108,"template":"","meta":{"_acf_changed":false},"product_brand":[],"product_cat":[538,539,545,546,548,549,550,551],"product_tag":[],"class_list":{"0":"post-42817","1":"product","2":"type-product","3":"status-publish","4":"has-post-thumbnail","6":"product_cat-gold-earrings-pl","7":"product_cat-baby-pl","8":"product_cat-earrings-up-to-5g-pl","9":"product_cat-earrings-with-diamonds-pl","10":"product_cat-earrings-with-stones-pl","11":"product_cat-studs-pl","12":"product_cat-with-cubic-zirkonia-pl","13":"product_cat-with-pearls-2-pl","15":"first","16":"instock","17":"product-type-simple"},"acf":[],"_links":{"self":[{"href":"https:\/\/zl.jewelry\/pl\/wp-json\/wp\/v2\/product\/42817","targetHints":{"allow":["GET"]}}],"collection":[{"href":"https:\/\/zl.jewelry\/pl\/wp-json\/wp\/v2\/product"}],"about":[{"href":"https:\/\/zl.jewelry\/pl\/wp-json\/wp\/v2\/types\/product"}],"wp:featuredmedia":[{"embeddable":true,"href":"https:\/\/zl.jewelry\/pl\/wp-json\/wp\/v2\/media\/42108"}],"wp:attachment":[{"href":"https:\/\/zl.jewelry\/pl\/wp-json\/wp\/v2\/media?parent=42817"}],"wp:term":[{"taxonomy":"product_brand","embeddable":true,"href":"https:\/\/zl.jewelry\/pl\/wp-json\/wp\/v2\/product_brand?post=42817"},{"taxonomy":"product_cat","embeddable":true,"href":"https:\/\/zl.jewelry\/pl\/wp-json\/wp\/v2\/product_cat?post=42817"},{"taxonomy":"product_tag","embeddable":true,"href":"https:\/\/zl.jewelry\/pl\/wp-json\/wp\/v2\/product_tag?post=42817"}],"curies":[{"name":"wp","href":"https:\/\/api.w.org\/{rel}","templated":true}]}}