{"id":42808,"date":"2025-06-18T11:03:42","date_gmt":"2025-06-18T11:03:42","guid":{"rendered":"https:\/\/zl.jewelry\/product\/ring-harbinger\/"},"modified":"2025-10-31T15:38:18","modified_gmt":"2025-10-31T15:38:18","slug":"ring-harbinger","status":"publish","type":"product","link":"https:\/\/zl.jewelry\/pl\/product\/ring-harbinger\/","title":{"rendered":"Pier\u015bcie\u0144 &#8222;Harbinger&#8221;"},"content":{"rendered":"<p>Pier\u015bcionek z bia\u0142ego z\u0142ota, rozmiar 17, waga pier\u015bcionka 2,60 grama. Diamentowany kamie\u0144 wielko\u015bci 4mm. Wewn\u0105trz na szynie\u00a0obr\u0105czki wymodelowana stopa dziecka, z niebiesk\u0105 emali\u0105.<\/p>\n","protected":false},"excerpt":{"rendered":"<p>Pier\u015bcionek z bia\u0142ego z\u0142ota, rozmiar 17, waga pier\u015bcionka 2,60 grama. Diamentowany kamie\u0144 wielko\u015bci 4mm. Wewn\u0105trz na szynie\u00a0obr\u0105czki wymodelowana stopa dziecka, z niebiesk\u0105 emali\u0105.<\/p>\n","protected":false},"featured_media":42090,"template":"","meta":{"_acf_changed":false},"product_brand":[],"product_cat":[524,523,527],"product_tag":[],"class_list":{"0":"post-42808","1":"product","2":"type-product","3":"status-publish","4":"has-post-thumbnail","6":"product_cat-engagement-rings-with-diamonds-pl","7":"product_cat-engagement-rings-pl","8":"product_cat-white-gold-engagement-rings-pl","10":"first","11":"instock","12":"product-type-simple"},"acf":[],"_links":{"self":[{"href":"https:\/\/zl.jewelry\/pl\/wp-json\/wp\/v2\/product\/42808","targetHints":{"allow":["GET"]}}],"collection":[{"href":"https:\/\/zl.jewelry\/pl\/wp-json\/wp\/v2\/product"}],"about":[{"href":"https:\/\/zl.jewelry\/pl\/wp-json\/wp\/v2\/types\/product"}],"wp:featuredmedia":[{"embeddable":true,"href":"https:\/\/zl.jewelry\/pl\/wp-json\/wp\/v2\/media\/42090"}],"wp:attachment":[{"href":"https:\/\/zl.jewelry\/pl\/wp-json\/wp\/v2\/media?parent=42808"}],"wp:term":[{"taxonomy":"product_brand","embeddable":true,"href":"https:\/\/zl.jewelry\/pl\/wp-json\/wp\/v2\/product_brand?post=42808"},{"taxonomy":"product_cat","embeddable":true,"href":"https:\/\/zl.jewelry\/pl\/wp-json\/wp\/v2\/product_cat?post=42808"},{"taxonomy":"product_tag","embeddable":true,"href":"https:\/\/zl.jewelry\/pl\/wp-json\/wp\/v2\/product_tag?post=42808"}],"curies":[{"name":"wp","href":"https:\/\/api.w.org\/{rel}","templated":true}]}}