{"id":42806,"date":"2025-06-18T11:03:42","date_gmt":"2025-06-18T11:03:42","guid":{"rendered":"https:\/\/zl.jewelry\/product\/bracelet-nominal-stingray-leather\/"},"modified":"2025-10-31T13:46:39","modified_gmt":"2025-10-31T13:46:39","slug":"bracelet-nominal-stingray-leather","status":"publish","type":"product","link":"https:\/\/zl.jewelry\/pl\/product\/bracelet-nominal-stingray-leather\/","title":{"rendered":"Bransoletka \u201eImi\u0119\u201d ze sk\u00f3ry p\u0142aszczki"},"content":{"rendered":"<p><span style=\"font-family: georgia,serif;\"><span style=\"background-color: #ffffff; color: #1d2129; font-size: 14px;\">Z\u0142ota bransoletka m\u0119ska to wa\u017cny dodatek, kt\u00f3ry podkre\u015bla indywidualno\u015b\u0107, status i oryginalno\u015b\u0107 w\u0142a\u015bciciela. Z\u0142ota bransoletka z czarn\u0105 emali\u0105 bez w\u0105tpienia wygl\u0105da elitarnie i szacownie.<\/span><br \/>\n<span style=\"background-color: #ffffff; color: #1d2129; font-size: 14px;\">Ta wyj\u0105tkowa, osza\u0142amiaj\u0105ca bransoletka z elementami, kt\u00f3re gplpuj\u0105 si\u0119, tworz\u0105c statek z prawdziwymi numerami tablic, wykonana na zam\u00f3wienie.<\/span><\/span><\/p>\n<p><span style=\"font-family: georgia,serif;\">Materia\u0142 &#8211; sk\u00f3ra<\/span><\/p>\n","protected":false},"excerpt":{"rendered":"<p>Z\u0142ota bransoletka m\u0119ska to wa\u017cny dodatek, kt\u00f3ry podkre\u015bla indywidualno\u015b\u0107, status i oryginalno\u015b\u0107 w\u0142a\u015bciciela. Z\u0142ota bransoletka z czarn\u0105 emali\u0105 bez w\u0105tpienia wygl\u0105da elitarnie i szacownie. Ta wyj\u0105tkowa, osza\u0142amiaj\u0105ca bransoletka z elementami, kt\u00f3re gplpuj\u0105 si\u0119, tworz\u0105c statek z prawdziwymi numerami tablic, wykonana na zam\u00f3wienie. Materia\u0142 &#8211; sk\u00f3ra<\/p>\n","protected":false},"featured_media":59848,"template":"","meta":{"_acf_changed":false},"product_brand":[],"product_cat":[557,561,559],"product_tag":[],"class_list":{"0":"post-42806","1":"product","2":"type-product","3":"status-publish","4":"has-post-thumbnail","6":"product_cat-bracelets-pl","7":"product_cat-leather-bracelets-with-gold-inserts-pl","8":"product_cat-gold-bracelets-from-30-gr-pl","10":"first","11":"instock","12":"product-type-simple"},"acf":[],"_links":{"self":[{"href":"https:\/\/zl.jewelry\/pl\/wp-json\/wp\/v2\/product\/42806","targetHints":{"allow":["GET"]}}],"collection":[{"href":"https:\/\/zl.jewelry\/pl\/wp-json\/wp\/v2\/product"}],"about":[{"href":"https:\/\/zl.jewelry\/pl\/wp-json\/wp\/v2\/types\/product"}],"wp:featuredmedia":[{"embeddable":true,"href":"https:\/\/zl.jewelry\/pl\/wp-json\/wp\/v2\/media\/59848"}],"wp:attachment":[{"href":"https:\/\/zl.jewelry\/pl\/wp-json\/wp\/v2\/media?parent=42806"}],"wp:term":[{"taxonomy":"product_brand","embeddable":true,"href":"https:\/\/zl.jewelry\/pl\/wp-json\/wp\/v2\/product_brand?post=42806"},{"taxonomy":"product_cat","embeddable":true,"href":"https:\/\/zl.jewelry\/pl\/wp-json\/wp\/v2\/product_cat?post=42806"},{"taxonomy":"product_tag","embeddable":true,"href":"https:\/\/zl.jewelry\/pl\/wp-json\/wp\/v2\/product_tag?post=42806"}],"curies":[{"name":"wp","href":"https:\/\/api.w.org\/{rel}","templated":true}]}}