{"id":42801,"date":"2025-06-18T11:03:42","date_gmt":"2025-06-18T11:03:42","guid":{"rendered":"https:\/\/zl.jewelry\/product\/ring-mechanism-with-white-diamonds\/"},"modified":"2025-10-31T14:50:01","modified_gmt":"2025-10-31T14:50:01","slug":"ring-mechanism-with-white-diamonds","status":"publish","type":"product","link":"https:\/\/zl.jewelry\/pl\/product\/ring-mechanism-with-white-diamonds\/","title":{"rendered":"Pier\u015bcionek &#8222;Mechanism&#8221; z bia\u0142ymi diamentami"},"content":{"rendered":"<p>Pier\u015bcionek z czerwonego z\u0142ota pr\u00f3by 585*, waga z\u0142ota 10.33, rozmiar 17.8. Wstawki z fianitu 1.25mm; 1.5mm; 2.5mm &#8211; waga kamieni 0.63ct<\/p>\n","protected":false},"excerpt":{"rendered":"<p>Pier\u015bcionek z czerwonego z\u0142ota pr\u00f3by 585*, waga z\u0142ota 10.33, rozmiar 17.8. Wstawki z fianitu 1.25mm; 1.5mm; 2.5mm &#8211; waga kamieni 0.63ct<\/p>\n","protected":false},"featured_media":42076,"template":"","meta":{"_acf_changed":false},"product_brand":[],"product_cat":[514,516,518,519,522],"product_tag":[],"class_list":{"0":"post-42801","1":"product","2":"type-product","3":"status-publish","4":"has-post-thumbnail","6":"product_cat-golden-rings-pl","7":"product_cat-massive-pl","8":"product_cat-red-gold-rings-pl","9":"product_cat-rings-with-diamonds-pl","10":"product_cat-with-rocks-pl","12":"first","13":"instock","14":"product-type-simple"},"acf":[],"_links":{"self":[{"href":"https:\/\/zl.jewelry\/pl\/wp-json\/wp\/v2\/product\/42801","targetHints":{"allow":["GET"]}}],"collection":[{"href":"https:\/\/zl.jewelry\/pl\/wp-json\/wp\/v2\/product"}],"about":[{"href":"https:\/\/zl.jewelry\/pl\/wp-json\/wp\/v2\/types\/product"}],"wp:featuredmedia":[{"embeddable":true,"href":"https:\/\/zl.jewelry\/pl\/wp-json\/wp\/v2\/media\/42076"}],"wp:attachment":[{"href":"https:\/\/zl.jewelry\/pl\/wp-json\/wp\/v2\/media?parent=42801"}],"wp:term":[{"taxonomy":"product_brand","embeddable":true,"href":"https:\/\/zl.jewelry\/pl\/wp-json\/wp\/v2\/product_brand?post=42801"},{"taxonomy":"product_cat","embeddable":true,"href":"https:\/\/zl.jewelry\/pl\/wp-json\/wp\/v2\/product_cat?post=42801"},{"taxonomy":"product_tag","embeddable":true,"href":"https:\/\/zl.jewelry\/pl\/wp-json\/wp\/v2\/product_tag?post=42801"}],"curies":[{"name":"wp","href":"https:\/\/api.w.org\/{rel}","templated":true}]}}