{"id":42799,"date":"2025-06-18T11:03:42","date_gmt":"2025-06-18T11:03:42","guid":{"rendered":"https:\/\/zl.jewelry\/product\/bracelet-python-with-shungite\/"},"modified":"2025-10-31T13:14:20","modified_gmt":"2025-10-31T13:14:20","slug":"bracelet-python-with-shungite","status":"publish","type":"product","link":"https:\/\/zl.jewelry\/pl\/product\/bracelet-python-with-shungite\/","title":{"rendered":"Bransoletka \u201ePython\u201d z szungitem"},"content":{"rendered":"<p>Materia\u0142 &#8211; prawdziwa sk\u00f3ra pytona. Wk\u0142adki &#8211;\u00a0szungit<\/p>\n","protected":false},"excerpt":{"rendered":"<p>Materia\u0142 &#8211; prawdziwa sk\u00f3ra pytona. Wk\u0142adki &#8211;\u00a0szungit<\/p>\n","protected":false},"featured_media":65743,"template":"","meta":{"_acf_changed":false},"product_brand":[],"product_cat":[557,558,560,561],"product_tag":[],"class_list":{"0":"post-42799","1":"product","2":"type-product","3":"status-publish","4":"has-post-thumbnail","6":"product_cat-bracelets-pl","7":"product_cat-bracelets-made-of-natural-stones-pl","8":"product_cat-gold-bracelets-up-to-30-gr-pl","9":"product_cat-leather-bracelets-with-gold-inserts-pl","11":"first","12":"instock","13":"product-type-simple"},"acf":[],"_links":{"self":[{"href":"https:\/\/zl.jewelry\/pl\/wp-json\/wp\/v2\/product\/42799","targetHints":{"allow":["GET"]}}],"collection":[{"href":"https:\/\/zl.jewelry\/pl\/wp-json\/wp\/v2\/product"}],"about":[{"href":"https:\/\/zl.jewelry\/pl\/wp-json\/wp\/v2\/types\/product"}],"wp:featuredmedia":[{"embeddable":true,"href":"https:\/\/zl.jewelry\/pl\/wp-json\/wp\/v2\/media\/65743"}],"wp:attachment":[{"href":"https:\/\/zl.jewelry\/pl\/wp-json\/wp\/v2\/media?parent=42799"}],"wp:term":[{"taxonomy":"product_brand","embeddable":true,"href":"https:\/\/zl.jewelry\/pl\/wp-json\/wp\/v2\/product_brand?post=42799"},{"taxonomy":"product_cat","embeddable":true,"href":"https:\/\/zl.jewelry\/pl\/wp-json\/wp\/v2\/product_cat?post=42799"},{"taxonomy":"product_tag","embeddable":true,"href":"https:\/\/zl.jewelry\/pl\/wp-json\/wp\/v2\/product_tag?post=42799"}],"curies":[{"name":"wp","href":"https:\/\/api.w.org\/{rel}","templated":true}]}}