{"id":42788,"date":"2025-06-18T11:03:47","date_gmt":"2025-06-18T11:03:47","guid":{"rendered":"https:\/\/zl.jewelry\/product\/ring-need-for-speed\/"},"modified":"2025-10-31T10:45:51","modified_gmt":"2025-10-31T10:45:51","slug":"ring-need-for-speed","status":"publish","type":"product","link":"https:\/\/zl.jewelry\/pl\/product\/ring-need-for-speed\/","title":{"rendered":"Pier\u015bcionek &#8222;Pragnienie pr\u0119dko\u015bci&#8221;"},"content":{"rendered":"<p>Obr\u0105czka m\u0119ska z bia\u0142ego z\u0142ota rodowanego, wewn\u0119trzna obr\u0105czka z czerwonego z\u0142ota, waga zale\u017cy od rozmiapl. Szeroko\u015b\u0107 obr\u0105czki wynosi 1 cm. Po jednej stronie znajduje si\u0119 kaduceusz, a na odwrocie helikopter. Na szczycie kaduceusza znajduje si\u0119 kamie\u0144 o \u015brednicy 2,25 mm, dowolny kamie\u0144 mo\u017ce by\u0107 ustawiony zgodnie z \u017cyczeniem klienta. Wewn\u0105trz pier\u015bcionka znajduje si\u0119 napis w j\u0119zyku \u0142aci\u0144skim.<\/p>\n","protected":false},"excerpt":{"rendered":"<p>Obr\u0105czka m\u0119ska z bia\u0142ego z\u0142ota rodowanego, wewn\u0119trzna obr\u0105czka z czerwonego z\u0142ota, waga zale\u017cy od rozmiapl. Szeroko\u015b\u0107 obr\u0105czki wynosi 1 cm. Po jednej stronie znajduje si\u0119 kaduceusz, a na odwrocie helikopter. Na szczycie kaduceusza znajduje si\u0119 kamie\u0144 o \u015brednicy 2,25 mm, dowolny kamie\u0144 mo\u017ce by\u0107 ustawiony zgodnie z \u017cyczeniem klienta. Wewn\u0105trz pier\u015bcionka znajduje si\u0119 napis w&#8230;<\/p>\n","protected":false},"featured_media":42056,"template":"","meta":{"_acf_changed":false},"product_brand":[],"product_cat":[517,588],"product_tag":[],"class_list":{"0":"post-42788","1":"product","2":"type-product","3":"status-publish","4":"has-post-thumbnail","6":"product_cat-mens-rings-and-seals-pl","7":"product_cat-smooth-rings-pl","9":"first","10":"instock","11":"product-type-simple"},"acf":[],"_links":{"self":[{"href":"https:\/\/zl.jewelry\/pl\/wp-json\/wp\/v2\/product\/42788","targetHints":{"allow":["GET"]}}],"collection":[{"href":"https:\/\/zl.jewelry\/pl\/wp-json\/wp\/v2\/product"}],"about":[{"href":"https:\/\/zl.jewelry\/pl\/wp-json\/wp\/v2\/types\/product"}],"wp:featuredmedia":[{"embeddable":true,"href":"https:\/\/zl.jewelry\/pl\/wp-json\/wp\/v2\/media\/42056"}],"wp:attachment":[{"href":"https:\/\/zl.jewelry\/pl\/wp-json\/wp\/v2\/media?parent=42788"}],"wp:term":[{"taxonomy":"product_brand","embeddable":true,"href":"https:\/\/zl.jewelry\/pl\/wp-json\/wp\/v2\/product_brand?post=42788"},{"taxonomy":"product_cat","embeddable":true,"href":"https:\/\/zl.jewelry\/pl\/wp-json\/wp\/v2\/product_cat?post=42788"},{"taxonomy":"product_tag","embeddable":true,"href":"https:\/\/zl.jewelry\/pl\/wp-json\/wp\/v2\/product_tag?post=42788"}],"curies":[{"name":"wp","href":"https:\/\/api.w.org\/{rel}","templated":true}]}}