{"id":42782,"date":"2025-06-18T11:03:47","date_gmt":"2025-06-18T11:03:47","guid":{"rendered":"https:\/\/zl.jewelry\/product\/earrings-mood-with-green-stones\/"},"modified":"2025-10-31T09:02:10","modified_gmt":"2025-10-31T09:02:10","slug":"earrings-mood-with-green-stones","status":"publish","type":"product","link":"https:\/\/zl.jewelry\/pl\/product\/earrings-mood-with-green-stones\/","title":{"rendered":"Kolczyki &#8222;Mood&#8221; z zielonymi kamieniami"},"content":{"rendered":"<p>Kolczyki z czerwonego z\u0142ota o wadze 4,56 grama. Kamienie o \u015brednicy 6,00 mm, mog\u0105 by\u0107 osadzone w dowolny spos\u00f3b na \u017cyczenie klienta&#8230;<\/p>\n","protected":false},"excerpt":{"rendered":"<p>Kolczyki z czerwonego z\u0142ota o wadze 4,56 grama. Kamienie o \u015brednicy 6,00 mm, mog\u0105 by\u0107 osadzone w dowolny spos\u00f3b na \u017cyczenie klienta&#8230;<\/p>\n","protected":false},"featured_media":14057,"template":"","meta":{"_acf_changed":false},"product_brand":[],"product_cat":[538,545,548,550],"product_tag":[],"class_list":{"0":"post-42782","1":"product","2":"type-product","3":"status-publish","4":"has-post-thumbnail","6":"product_cat-gold-earrings-pl","7":"product_cat-earrings-up-to-5g-pl","8":"product_cat-earrings-with-stones-pl","9":"product_cat-with-cubic-zirkonia-pl","11":"first","12":"instock","13":"product-type-simple"},"acf":[],"_links":{"self":[{"href":"https:\/\/zl.jewelry\/pl\/wp-json\/wp\/v2\/product\/42782","targetHints":{"allow":["GET"]}}],"collection":[{"href":"https:\/\/zl.jewelry\/pl\/wp-json\/wp\/v2\/product"}],"about":[{"href":"https:\/\/zl.jewelry\/pl\/wp-json\/wp\/v2\/types\/product"}],"wp:featuredmedia":[{"embeddable":true,"href":"https:\/\/zl.jewelry\/pl\/wp-json\/wp\/v2\/media\/14057"}],"wp:attachment":[{"href":"https:\/\/zl.jewelry\/pl\/wp-json\/wp\/v2\/media?parent=42782"}],"wp:term":[{"taxonomy":"product_brand","embeddable":true,"href":"https:\/\/zl.jewelry\/pl\/wp-json\/wp\/v2\/product_brand?post=42782"},{"taxonomy":"product_cat","embeddable":true,"href":"https:\/\/zl.jewelry\/pl\/wp-json\/wp\/v2\/product_cat?post=42782"},{"taxonomy":"product_tag","embeddable":true,"href":"https:\/\/zl.jewelry\/pl\/wp-json\/wp\/v2\/product_tag?post=42782"}],"curies":[{"name":"wp","href":"https:\/\/api.w.org\/{rel}","templated":true}]}}