{"id":42781,"date":"2025-06-18T11:03:47","date_gmt":"2025-06-18T11:03:47","guid":{"rendered":"https:\/\/zl.jewelry\/product\/ring-classic-with-a-diamond\/"},"modified":"2025-10-31T08:48:24","modified_gmt":"2025-10-31T08:48:24","slug":"ring-classic-with-a-diamond","status":"publish","type":"product","link":"https:\/\/zl.jewelry\/pl\/product\/ring-classic-with-a-diamond\/","title":{"rendered":"Pier\u015bcionek  &#8222;Klasyczny&#8221; z diamentem"},"content":{"rendered":"<section class=\"l-section wpb_row height_small\"><div class=\"l-section-h i-cf\"><div class=\"g-cols vc_row via_flex valign_top type_default stacking_default\"><div class=\"vc_col-sm-12 wpb_column vc_column_container\"><div class=\"vc_column-inner\"><div class=\"wpb_wrapper\"><div class=\"wpb_text_column\"><div class=\"wpb_wrapper\"><p><span style=\"background-color: #ffffff; color: #1d2129; font-family: segoe ui historic,segoe ui,helvetica,arial,sans-serif; font-size: 14px;\">Bi\u017cuteria wprowadza harmoni\u0119 do wizeplnku. Wspania\u0142y pier\u015bcionek z brylantem\u00a0robi to nienagannie. Dzisiejsza etykieta jubilerska jest do\u015b\u0107 surowa i nie wybacza b\u0142\u0119d\u00f3w, ale niekt\u00f3re sekrety zawodowe i w\u0142asny gust pozwalaj\u0105 na dokonanie jednoznacznego wybopl. Te elementy bi\u017cuterii s\u0105 do\u015b\u0107 wymowne same w sobie i mog\u0105 wiele powiedzie\u0107 innym o tobie. Przede wszystkim o statusie spo\u0142ecznym, gu\u015bcie i umiej\u0119tno\u015bci zrozumienia subtelno\u015bci wysokiej sztuki jubilerskiej<\/span><span style=\"background-color: #ffffff; color: #1d2129; font-family: segoe ui historic,segoe ui,helvetica,arial,sans-serif; font-size: 14px;\">. Nie tylko powiniene\u015b wiedzie\u0107, jak je nosi\u0107, ale powiniene\u015b wybiera\u0107 pier\u015bcionki z brylantami jak prawdziwy koneser, a wtedy stan\u0105 si\u0119 one najbardziej ukochan\u0105 i cenn\u0105 bi\u017cuteri\u0105 w twojej kolekcji &#8230;<\/span><\/p>\n<p>&nbsp;<\/p>\n<div id=\"gtx-trans\" style=\"position: absolute; left: -12px; top: 174.038px;\">\n<div class=\"gtx-trans-icon\"><\/div>\n<\/div>\n<\/div><\/div><\/div><\/div><\/div><\/div><\/div><\/section>\n","protected":false},"excerpt":{"rendered":"Bi\u017cuteria wprowadza harmoni\u0119 do wizeplnku. Wspania\u0142y pier\u015bcionek z brylantem\u00a0robi to nienagannie. Dzisiejsza etykieta jubilerska jest do\u015b\u0107 surowa i nie wybacza b\u0142\u0119d\u00f3w, ale niekt\u00f3re sekrety zawodowe i w\u0142asny gust pozwalaj\u0105 na dokonanie jednoznacznego wybopl. Te elementy bi\u017cuterii s\u0105 do\u015b\u0107 wymowne same w sobie i mog\u0105 wiele powiedzie\u0107 innym o tobie. Przede wszystkim o statusie spo\u0142ecznym, gu\u015bcie...","protected":false},"featured_media":14039,"template":"","meta":{"_acf_changed":false},"product_brand":[],"product_cat":[524,523,525],"product_tag":[],"class_list":{"0":"post-42781","1":"product","2":"type-product","3":"status-publish","4":"has-post-thumbnail","6":"product_cat-engagement-rings-with-diamonds-pl","7":"product_cat-engagement-rings-pl","8":"product_cat-lemon-gold-engagement-rings-pl","10":"first","11":"instock","12":"product-type-simple"},"acf":[],"_links":{"self":[{"href":"https:\/\/zl.jewelry\/pl\/wp-json\/wp\/v2\/product\/42781","targetHints":{"allow":["GET"]}}],"collection":[{"href":"https:\/\/zl.jewelry\/pl\/wp-json\/wp\/v2\/product"}],"about":[{"href":"https:\/\/zl.jewelry\/pl\/wp-json\/wp\/v2\/types\/product"}],"wp:featuredmedia":[{"embeddable":true,"href":"https:\/\/zl.jewelry\/pl\/wp-json\/wp\/v2\/media\/14039"}],"wp:attachment":[{"href":"https:\/\/zl.jewelry\/pl\/wp-json\/wp\/v2\/media?parent=42781"}],"wp:term":[{"taxonomy":"product_brand","embeddable":true,"href":"https:\/\/zl.jewelry\/pl\/wp-json\/wp\/v2\/product_brand?post=42781"},{"taxonomy":"product_cat","embeddable":true,"href":"https:\/\/zl.jewelry\/pl\/wp-json\/wp\/v2\/product_cat?post=42781"},{"taxonomy":"product_tag","embeddable":true,"href":"https:\/\/zl.jewelry\/pl\/wp-json\/wp\/v2\/product_tag?post=42781"}],"curies":[{"name":"wp","href":"https:\/\/api.w.org\/{rel}","templated":true}]}}