{"id":42775,"date":"2025-06-18T11:03:47","date_gmt":"2025-06-18T11:03:47","guid":{"rendered":"https:\/\/zl.jewelry\/product\/earrings-for-children-bunnies-with-emeralds\/"},"modified":"2025-10-30T16:02:40","modified_gmt":"2025-10-30T16:02:40","slug":"earrings-for-children-bunnies-with-emeralds","status":"publish","type":"product","link":"https:\/\/zl.jewelry\/pl\/product\/earrings-for-children-bunnies-with-emeralds\/","title":{"rendered":"Kolczyki dzieci\u0119ce &#8222;Kr\u00f3liczki&#8221; ze szmaragdami"},"content":{"rendered":"<section class=\"l-section wpb_row height_small\"><div class=\"l-section-h i-cf\"><div class=\"g-cols vc_row via_flex valign_top type_default stacking_default\"><div class=\"vc_col-sm-12 wpb_column vc_column_container\"><div class=\"vc_column-inner\"><div class=\"wpb_wrapper\"><div class=\"wpb_text_column\"><div class=\"wpb_wrapper\"><div><span style=\"font-family: arial,helvetica,sans-serif;\"><span style=\"background-color: #ffffff; color: #1d2129; font-size: 14px;\">Z\u0142ote kolczyki kr\u00f3liczki dla dzieci to uroczy nowy dodatek do naszej kolekcji z\u0142otych kolczyk\u00f3w dla dzieci. Idealnie urocze kr\u00f3liczki b\u0142yszcz\u0105 i mieni\u0105 si\u0119 zabawnie, poniewa\u017c w ich ma\u0142ych oczach b\u0142yszcz\u0105 jasne fianity, \u015brednica kamieni 1,5 mm!<\/span><\/span><\/div>\n<div><span style=\"font-family: arial,helvetica,sans-serif;\"><span style=\"background-color: #ffffff; color: #1d2129; font-size: 14px;\">Te kolczyki to pewny hit, poniewa<\/span><span style=\"font-size: 14px;\">\u017c\u00a0maj\u0105 bezpieczne angielskie zapi\u0119cie, a kszta\u0142t kr\u00f3liczka sprawia, \u017ce te kolczyki s\u0105 naprawd\u0119 zabawne i urocze!<\/span><\/span><\/div>\n<p>&nbsp;<\/p>\n<div id=\"gtx-trans\" style=\"position: absolute; left: -1px; top: 5.00348px;\">\n<div class=\"gtx-trans-icon\"><\/div>\n<\/div>\n<\/div><\/div><\/div><\/div><\/div><\/div><\/div><\/section>\n","protected":false},"excerpt":{"rendered":"Z\u0142ote kolczyki kr\u00f3liczki dla dzieci to uroczy nowy dodatek do naszej kolekcji z\u0142otych kolczyk\u00f3w dla dzieci. Idealnie urocze kr\u00f3liczki b\u0142yszcz\u0105 i mieni\u0105 si\u0119 zabawnie, poniewa\u017c w ich ma\u0142ych oczach b\u0142yszcz\u0105 jasne fianity, \u015brednica kamieni 1,5 mm! Te kolczyki to pewny hit, poniewa\u017c\u00a0maj\u0105 bezpieczne angielskie zapi\u0119cie, a kszta\u0142t kr\u00f3liczka sprawia, \u017ce te kolczyki s\u0105 naprawd\u0119 zabawne...","protected":false},"featured_media":50583,"template":"","meta":{"_acf_changed":false},"product_brand":[],"product_cat":[539,545,548,550,538],"product_tag":[],"class_list":{"0":"post-42775","1":"product","2":"type-product","3":"status-publish","4":"has-post-thumbnail","6":"product_cat-baby-pl","7":"product_cat-earrings-up-to-5g-pl","8":"product_cat-earrings-with-stones-pl","9":"product_cat-with-cubic-zirkonia-pl","10":"product_cat-gold-earrings-pl","12":"first","13":"instock","14":"product-type-simple"},"acf":[],"_links":{"self":[{"href":"https:\/\/zl.jewelry\/pl\/wp-json\/wp\/v2\/product\/42775","targetHints":{"allow":["GET"]}}],"collection":[{"href":"https:\/\/zl.jewelry\/pl\/wp-json\/wp\/v2\/product"}],"about":[{"href":"https:\/\/zl.jewelry\/pl\/wp-json\/wp\/v2\/types\/product"}],"wp:featuredmedia":[{"embeddable":true,"href":"https:\/\/zl.jewelry\/pl\/wp-json\/wp\/v2\/media\/50583"}],"wp:attachment":[{"href":"https:\/\/zl.jewelry\/pl\/wp-json\/wp\/v2\/media?parent=42775"}],"wp:term":[{"taxonomy":"product_brand","embeddable":true,"href":"https:\/\/zl.jewelry\/pl\/wp-json\/wp\/v2\/product_brand?post=42775"},{"taxonomy":"product_cat","embeddable":true,"href":"https:\/\/zl.jewelry\/pl\/wp-json\/wp\/v2\/product_cat?post=42775"},{"taxonomy":"product_tag","embeddable":true,"href":"https:\/\/zl.jewelry\/pl\/wp-json\/wp\/v2\/product_tag?post=42775"}],"curies":[{"name":"wp","href":"https:\/\/api.w.org\/{rel}","templated":true}]}}